{"id":869,"date":"2020-10-12T09:35:13","date_gmt":"2020-10-12T09:35:13","guid":{"rendered":"http:\/\/newlight.xccqymhxaw-zqy3jpv9q3kg.p.runcloud.link\/product\/orologio-light-time-black-or-white-l073a\/"},"modified":"2020-12-18T14:46:10","modified_gmt":"2020-12-18T14:46:10","slug":"reloj-light-time-negro-o-blanco-l073a","status":"publish","type":"product","link":"https:\/\/lighttime.it\/es\/orologio\/reloj-light-time-negro-o-blanco-l073a\/","title":{"rendered":"Reloj Light Time negro o blanco L073A"},"content":{"rendered":"","protected":false},"excerpt":{"rendered":"<p>Reloj de mujer con movimiento de cuarzo myota,<br \/>\nCaja de policarbonato, Di\u00e1metro mm 36<br \/>\nEsfera y bisel con fecha de diamantes de imitaci\u00f3n a las 3 horas<br \/>\nVidrio mineral<br \/>\nPulsera de policarbonato<\/p>\n<p>Si lo desea, podemos ajustar el tama\u00f1o de la pulsera al tama\u00f1o de su mu\u00f1eca. Al hacer el pedido, puede indicar la circunferencia de su mu\u00f1eca en cent\u00edmetros e introducirla en el campo de notas.<\/p>","protected":false},"featured_media":870,"template":"","meta":{"site-sidebar-layout":"default","site-content-layout":"default","ast-site-content-layout":"default","site-content-style":"default","site-sidebar-style":"default","ast-global-header-display":"","ast-banner-title-visibility":"","ast-main-header-display":"","ast-hfb-above-header-display":"","ast-hfb-below-header-display":"","ast-hfb-mobile-header-display":"","site-post-title":"","ast-breadcrumbs-content":"","ast-featured-img":"","footer-sml-layout":"","ast-disable-related-posts":"","theme-transparent-header-meta":"default","adv-header-id-meta":"","stick-header-meta":"","header-above-stick-meta":"","header-main-stick-meta":"","header-below-stick-meta":"","astra-migrate-meta-layouts":"default","ast-page-background-enabled":"default","ast-page-background-meta":{"desktop":{"background-color":"","background-image":"","background-repeat":"repeat","background-position":"center center","background-size":"auto","background-attachment":"scroll","background-type":"","background-media":"","overlay-type":"","overlay-color":"","overlay-opacity":"","overlay-gradient":""},"tablet":{"background-color":"","background-image":"","background-repeat":"repeat","background-position":"center center","background-size":"auto","background-attachment":"scroll","background-type":"","background-media":"","overlay-type":"","overlay-color":"","overlay-opacity":"","overlay-gradient":""},"mobile":{"background-color":"","background-image":"","background-repeat":"repeat","background-position":"center center","background-size":"auto","background-attachment":"scroll","background-type":"","background-media":"","overlay-type":"","overlay-color":"","overlay-opacity":"","overlay-gradient":""}},"ast-content-background-meta":{"desktop":{"background-color":"var(--ast-global-color-5)","background-image":"","background-repeat":"repeat","background-position":"center center","background-size":"auto","background-attachment":"scroll","background-type":"","background-media":"","overlay-type":"","overlay-color":"","overlay-opacity":"","overlay-gradient":""},"tablet":{"background-color":"var(--ast-global-color-5)","background-image":"","background-repeat":"repeat","background-position":"center center","background-size":"auto","background-attachment":"scroll","background-type":"","background-media":"","overlay-type":"","overlay-color":"","overlay-opacity":"","overlay-gradient":""},"mobile":{"background-color":"var(--ast-global-color-5)","background-image":"","background-repeat":"repeat","background-position":"center center","background-size":"auto","background-attachment":"scroll","background-type":"","background-media":"","overlay-type":"","overlay-color":"","overlay-opacity":"","overlay-gradient":""}}},"product_brand":[],"product_cat":[24],"product_tag":[],"class_list":{"0":"post-869","1":"product","2":"type-product","3":"status-publish","4":"has-post-thumbnail","6":"product_cat-black-or-white","7":"desktop-align-center","8":"tablet-align-center","9":"mobile-align-center","10":"ast-product-gallery-layout-horizontal","11":"ast-product-tabs-layout-horizontal","13":"first","14":"instock","15":"purchasable","16":"product-type-simple"},"gallery_images":[871,872,756],"yoast_head":"<!-- This site is optimized with the Yoast SEO plugin v27.3 - https:\/\/yoast.com\/product\/yoast-seo-wordpress\/ -->\n<title>Orologio Light Time Black Or White L073A - Light Time<\/title>\n<meta name=\"robots\" content=\"index, follow, max-snippet:-1, max-image-preview:large, max-video-preview:-1\" \/>\n<link rel=\"canonical\" href=\"https:\/\/lighttime.it\/es\/orologio\/reloj-light-time-negro-o-blanco-l073a\/\" \/>\n<meta property=\"og:locale\" content=\"es_ES\" \/>\n<meta property=\"og:type\" content=\"article\" \/>\n<meta property=\"og:title\" content=\"Orologio Light Time Black Or White L073A - Light Time\" \/>\n<meta property=\"og:description\" content=\"Orologio donna con movimento al quarzo myota, Cassa in policarbonato, Diametro mm. 36 Quadrante e ghiera con strass data a ore 3 Vetro minerale Bracciale in policarbonato  Su richiesta, possiamo regolare la dimensione bracciale in base alla misura del tuo polso. Durante l\u2019ordine potrai fornire la circonferenza del tuo polso in centimetri ed inserirlo nel campo note.\" \/>\n<meta property=\"og:url\" content=\"https:\/\/lighttime.it\/es\/orologio\/reloj-light-time-negro-o-blanco-l073a\/\" \/>\n<meta property=\"og:site_name\" content=\"Light Time\" \/>\n<meta property=\"article:modified_time\" content=\"2020-12-18T14:46:10+00:00\" \/>\n<meta property=\"og:image\" content=\"https:\/\/lighttime.it\/wp-content\/uploads\/2020\/10\/L073A-1.jpg\" \/>\n\t<meta property=\"og:image:width\" content=\"760\" \/>\n\t<meta property=\"og:image:height\" content=\"1040\" \/>\n\t<meta property=\"og:image:type\" content=\"image\/jpeg\" \/>\n<meta name=\"twitter:card\" content=\"summary_large_image\" \/>\n<script type=\"application\/ld+json\" class=\"yoast-schema-graph\">{\"@context\":\"https:\\\/\\\/schema.org\",\"@graph\":[{\"@type\":\"WebPage\",\"@id\":\"https:\\\/\\\/lighttime.it\\\/orologio\\\/orologio-light-time-black-or-white-l073a\\\/\",\"url\":\"https:\\\/\\\/lighttime.it\\\/orologio\\\/orologio-light-time-black-or-white-l073a\\\/\",\"name\":\"Orologio Light Time Black Or White L073A - Light Time\",\"isPartOf\":{\"@id\":\"https:\\\/\\\/lighttime.it\\\/#website\"},\"primaryImageOfPage\":{\"@id\":\"https:\\\/\\\/lighttime.it\\\/orologio\\\/orologio-light-time-black-or-white-l073a\\\/#primaryimage\"},\"image\":{\"@id\":\"https:\\\/\\\/lighttime.it\\\/orologio\\\/orologio-light-time-black-or-white-l073a\\\/#primaryimage\"},\"thumbnailUrl\":\"https:\\\/\\\/lighttime.it\\\/wp-content\\\/uploads\\\/2020\\\/10\\\/L073A-1.jpg\",\"datePublished\":\"2020-10-12T09:35:13+00:00\",\"dateModified\":\"2020-12-18T14:46:10+00:00\",\"breadcrumb\":{\"@id\":\"https:\\\/\\\/lighttime.it\\\/orologio\\\/orologio-light-time-black-or-white-l073a\\\/#breadcrumb\"},\"inLanguage\":\"es\",\"potentialAction\":[{\"@type\":\"ReadAction\",\"target\":[\"https:\\\/\\\/lighttime.it\\\/orologio\\\/orologio-light-time-black-or-white-l073a\\\/\"]}]},{\"@type\":\"ImageObject\",\"inLanguage\":\"es\",\"@id\":\"https:\\\/\\\/lighttime.it\\\/orologio\\\/orologio-light-time-black-or-white-l073a\\\/#primaryimage\",\"url\":\"https:\\\/\\\/lighttime.it\\\/wp-content\\\/uploads\\\/2020\\\/10\\\/L073A-1.jpg\",\"contentUrl\":\"https:\\\/\\\/lighttime.it\\\/wp-content\\\/uploads\\\/2020\\\/10\\\/L073A-1.jpg\",\"width\":760,\"height\":1040},{\"@type\":\"BreadcrumbList\",\"@id\":\"https:\\\/\\\/lighttime.it\\\/orologio\\\/orologio-light-time-black-or-white-l073a\\\/#breadcrumb\",\"itemListElement\":[{\"@type\":\"ListItem\",\"position\":1,\"name\":\"Home\",\"item\":\"https:\\\/\\\/lighttime.it\\\/\"},{\"@type\":\"ListItem\",\"position\":2,\"name\":\"Shop\",\"item\":\"https:\\\/\\\/lighttime.it\\\/en\\\/shop\\\/\"},{\"@type\":\"ListItem\",\"position\":3,\"name\":\"Orologio Light Time Black Or White L073A\"}]},{\"@type\":\"WebSite\",\"@id\":\"https:\\\/\\\/lighttime.it\\\/#website\",\"url\":\"https:\\\/\\\/lighttime.it\\\/\",\"name\":\"Light Time\",\"description\":\"Orologi Uomo Donna\",\"publisher\":{\"@id\":\"https:\\\/\\\/lighttime.it\\\/#organization\"},\"potentialAction\":[{\"@type\":\"SearchAction\",\"target\":{\"@type\":\"EntryPoint\",\"urlTemplate\":\"https:\\\/\\\/lighttime.it\\\/?s={search_term_string}\"},\"query-input\":{\"@type\":\"PropertyValueSpecification\",\"valueRequired\":true,\"valueName\":\"search_term_string\"}}],\"inLanguage\":\"es\"},{\"@type\":\"Organization\",\"@id\":\"https:\\\/\\\/lighttime.it\\\/#organization\",\"name\":\"Light Time\",\"url\":\"https:\\\/\\\/lighttime.it\\\/\",\"logo\":{\"@type\":\"ImageObject\",\"inLanguage\":\"es\",\"@id\":\"https:\\\/\\\/lighttime.it\\\/#\\\/schema\\\/logo\\\/image\\\/\",\"url\":\"https:\\\/\\\/lighttime.it\\\/wp-content\\\/uploads\\\/2021\\\/01\\\/cropped-logo-light-time-fav.png\",\"contentUrl\":\"https:\\\/\\\/lighttime.it\\\/wp-content\\\/uploads\\\/2021\\\/01\\\/cropped-logo-light-time-fav.png\",\"width\":512,\"height\":512,\"caption\":\"Light Time\"},\"image\":{\"@id\":\"https:\\\/\\\/lighttime.it\\\/#\\\/schema\\\/logo\\\/image\\\/\"}}]}<\/script>\n<!-- \/ Yoast SEO plugin. -->","yoast_head_json":{"title":"Negro o blanco L073A - Reloj de tiempo de luz","robots":{"index":"index","follow":"follow","max-snippet":"max-snippet:-1","max-image-preview":"max-image-preview:large","max-video-preview":"max-video-preview:-1"},"canonical":"https:\/\/lighttime.it\/es\/orologio\/reloj-light-time-negro-o-blanco-l073a\/","og_locale":"es_ES","og_type":"article","og_title":"Orologio Light Time Black Or White L073A - Light Time","og_description":"Orologio donna con movimento al quarzo myota, Cassa in policarbonato, Diametro mm. 36 Quadrante e ghiera con strass data a ore 3 Vetro minerale Bracciale in policarbonato  Su richiesta, possiamo regolare la dimensione bracciale in base alla misura del tuo polso. Durante l\u2019ordine potrai fornire la circonferenza del tuo polso in centimetri ed inserirlo nel campo note.","og_url":"https:\/\/lighttime.it\/es\/orologio\/reloj-light-time-negro-o-blanco-l073a\/","og_site_name":"Light Time","article_modified_time":"2020-12-18T14:46:10+00:00","og_image":[{"width":760,"height":1040,"url":"https:\/\/lighttime.it\/wp-content\/uploads\/2020\/10\/L073A-1.jpg","type":"image\/jpeg"}],"twitter_card":"summary_large_image","schema":{"@context":"https:\/\/schema.org","@graph":[{"@type":"WebPage","@id":"https:\/\/lighttime.it\/orologio\/orologio-light-time-black-or-white-l073a\/","url":"https:\/\/lighttime.it\/orologio\/orologio-light-time-black-or-white-l073a\/","name":"Negro o blanco L073A - Reloj de tiempo de luz","isPartOf":{"@id":"https:\/\/lighttime.it\/#website"},"primaryImageOfPage":{"@id":"https:\/\/lighttime.it\/orologio\/orologio-light-time-black-or-white-l073a\/#primaryimage"},"image":{"@id":"https:\/\/lighttime.it\/orologio\/orologio-light-time-black-or-white-l073a\/#primaryimage"},"thumbnailUrl":"https:\/\/lighttime.it\/wp-content\/uploads\/2020\/10\/L073A-1.jpg","datePublished":"2020-10-12T09:35:13+00:00","dateModified":"2020-12-18T14:46:10+00:00","breadcrumb":{"@id":"https:\/\/lighttime.it\/orologio\/orologio-light-time-black-or-white-l073a\/#breadcrumb"},"inLanguage":"es","potentialAction":[{"@type":"ReadAction","target":["https:\/\/lighttime.it\/orologio\/orologio-light-time-black-or-white-l073a\/"]}]},{"@type":"ImageObject","inLanguage":"es","@id":"https:\/\/lighttime.it\/orologio\/orologio-light-time-black-or-white-l073a\/#primaryimage","url":"https:\/\/lighttime.it\/wp-content\/uploads\/2020\/10\/L073A-1.jpg","contentUrl":"https:\/\/lighttime.it\/wp-content\/uploads\/2020\/10\/L073A-1.jpg","width":760,"height":1040},{"@type":"BreadcrumbList","@id":"https:\/\/lighttime.it\/orologio\/orologio-light-time-black-or-white-l073a\/#breadcrumb","itemListElement":[{"@type":"ListItem","position":1,"name":"Home","item":"https:\/\/lighttime.it\/"},{"@type":"ListItem","position":2,"name":"Shop","item":"https:\/\/lighttime.it\/en\/shop\/"},{"@type":"ListItem","position":3,"name":"Orologio Light Time Black Or White L073A"}]},{"@type":"WebSite","@id":"https:\/\/lighttime.it\/#website","url":"https:\/\/lighttime.it\/","name":"Tiempo de luz","description":"Relojes de hombre","publisher":{"@id":"https:\/\/lighttime.it\/#organization"},"potentialAction":[{"@type":"SearchAction","target":{"@type":"EntryPoint","urlTemplate":"https:\/\/lighttime.it\/?s={search_term_string}"},"query-input":{"@type":"PropertyValueSpecification","valueRequired":true,"valueName":"search_term_string"}}],"inLanguage":"es"},{"@type":"Organization","@id":"https:\/\/lighttime.it\/#organization","name":"Tiempo de luz","url":"https:\/\/lighttime.it\/","logo":{"@type":"ImageObject","inLanguage":"es","@id":"https:\/\/lighttime.it\/#\/schema\/logo\/image\/","url":"https:\/\/lighttime.it\/wp-content\/uploads\/2021\/01\/cropped-logo-light-time-fav.png","contentUrl":"https:\/\/lighttime.it\/wp-content\/uploads\/2021\/01\/cropped-logo-light-time-fav.png","width":512,"height":512,"caption":"Light Time"},"image":{"@id":"https:\/\/lighttime.it\/#\/schema\/logo\/image\/"}}]}},"_links":{"self":[{"href":"https:\/\/lighttime.it\/es\/wp-json\/wp\/v2\/product\/869","targetHints":{"allow":["GET"]}}],"collection":[{"href":"https:\/\/lighttime.it\/es\/wp-json\/wp\/v2\/product"}],"about":[{"href":"https:\/\/lighttime.it\/es\/wp-json\/wp\/v2\/types\/product"}],"version-history":[{"count":0,"href":"https:\/\/lighttime.it\/es\/wp-json\/wp\/v2\/product\/869\/revisions"}],"wp:featuredmedia":[{"embeddable":true,"href":"https:\/\/lighttime.it\/es\/wp-json\/wp\/v2\/media\/870"}],"wp:attachment":[{"href":"https:\/\/lighttime.it\/es\/wp-json\/wp\/v2\/media?parent=869"}],"wp:term":[{"taxonomy":"product_brand","embeddable":true,"href":"https:\/\/lighttime.it\/es\/wp-json\/wp\/v2\/product_brand?post=869"},{"taxonomy":"product_cat","embeddable":true,"href":"https:\/\/lighttime.it\/es\/wp-json\/wp\/v2\/product_cat?post=869"},{"taxonomy":"product_tag","embeddable":true,"href":"https:\/\/lighttime.it\/es\/wp-json\/wp\/v2\/product_tag?post=869"}],"curies":[{"name":"wp","href":"https:\/\/api.w.org\/{rel}","templated":true}]}}