{"id":2062,"date":"2020-10-12T09:46:12","date_gmt":"2020-10-12T09:46:12","guid":{"rendered":"http:\/\/newlight.xccqymhxaw-zqy3jpv9q3kg.p.runcloud.link\/product\/orologio-light-time-mediterraneo-l603a-diametro-35mm\/"},"modified":"2024-08-29T15:18:40","modified_gmt":"2024-08-29T15:18:40","slug":"reloj-luz-mediterraneo-l603a-diametro-35mm","status":"publish","type":"product","link":"https:\/\/lighttime.it\/es\/orologio\/reloj-luz-mediterraneo-l603a-diametro-35mm\/","title":{"rendered":"Reloj de luz Mediterraneo L603A <br> 35mm de di\u00e1metro"},"content":{"rendered":"<div data-elementor-type=\"product-post\" data-elementor-id=\"2062\" class=\"elementor elementor-2062\" data-elementor-post-type=\"product\">\n\t\t\t\t\t\t<section class=\"elementor-section elementor-top-section elementor-element elementor-element-7e39fcc elementor-section-boxed elementor-section-height-default elementor-section-height-default\" data-id=\"7e39fcc\" data-element_type=\"section\" data-e-type=\"section\">\n\t\t\t\t\t\t<div class=\"elementor-container elementor-column-gap-no\">\n\t\t\t\t\t<div class=\"elementor-column elementor-col-100 elementor-top-column elementor-element elementor-element-fadb97e\" data-id=\"fadb97e\" data-element_type=\"column\" data-e-type=\"column\">\n\t\t\t<div class=\"elementor-widget-wrap elementor-element-populated\">\n\t\t\t\t\t\t<div class=\"elementor-element elementor-element-7f1adff elementor-widget elementor-widget-video\" data-id=\"7f1adff\" data-element_type=\"widget\" data-e-type=\"widget\" data-settings=\"{&quot;video_type&quot;:&quot;hosted&quot;,&quot;mute&quot;:&quot;yes&quot;,&quot;loop&quot;:&quot;yes&quot;,&quot;controls&quot;:&quot;yes&quot;}\" data-widget_type=\"video.default\">\n\t\t\t\t<div class=\"elementor-widget-container\">\n\t\t\t\t\t\t\t<div class=\"e-hosted-video elementor-wrapper elementor-open-inline\">\n\t\t\t\t\t<video class=\"elementor-video\" src=\"https:\/\/lighttime.it\/wp-content\/uploads\/2020\/10\/L603-A.mp4\" loop=\"\" controls=\"\" preload=\"metadata\" muted=\"muted\" controlslist=\"nodownload\"><\/video>\n\t\t\t\t<\/div>\n\t\t\t\t\t\t<\/div>\n\t\t\t\t<\/div>\n\t\t\t\t\t<\/div>\n\t\t<\/div>\n\t\t\t\t\t<\/div>\n\t\t<\/section>\n\t\t\t\t<\/div>","protected":false},"excerpt":{"rendered":"<p>Reloj de mujer<br \/>\nDi\u00e1metro 35mm<br \/>\n300 cristales de Preciosa insertados a mano, fabricaci\u00f3n italiana.<br \/>\nMovimiento de cuarzo japon\u00e9s Myota<br \/>\nCaja y pulsera de policarbonato<\/p>\n<p>Si lo desea, podemos ajustar el tama\u00f1o de la pulsera al tama\u00f1o de su mu\u00f1eca. Al hacer el pedido, puede indicar la circunferencia de su mu\u00f1eca en cent\u00edmetros e introducirla en el campo de notas.<\/p>","protected":false},"featured_media":2063,"template":"","meta":{"site-sidebar-layout":"no-sidebar","site-content-layout":"page-builder","ast-site-content-layout":"default","site-content-style":"default","site-sidebar-style":"default","ast-global-header-display":"","ast-banner-title-visibility":"","ast-main-header-display":"","ast-hfb-above-header-display":"","ast-hfb-below-header-display":"","ast-hfb-mobile-header-display":"","site-post-title":"disabled","ast-breadcrumbs-content":"","ast-featured-img":"disabled","footer-sml-layout":"","ast-disable-related-posts":"","theme-transparent-header-meta":"default","adv-header-id-meta":"","stick-header-meta":"","header-above-stick-meta":"","header-main-stick-meta":"","header-below-stick-meta":"","astra-migrate-meta-layouts":"default","ast-page-background-enabled":"default","ast-page-background-meta":{"desktop":{"background-color":"","background-image":"","background-repeat":"repeat","background-position":"center center","background-size":"auto","background-attachment":"scroll","background-type":"","background-media":"","overlay-type":"","overlay-color":"","overlay-opacity":"","overlay-gradient":""},"tablet":{"background-color":"","background-image":"","background-repeat":"repeat","background-position":"center center","background-size":"auto","background-attachment":"scroll","background-type":"","background-media":"","overlay-type":"","overlay-color":"","overlay-opacity":"","overlay-gradient":""},"mobile":{"background-color":"","background-image":"","background-repeat":"repeat","background-position":"center center","background-size":"auto","background-attachment":"scroll","background-type":"","background-media":"","overlay-type":"","overlay-color":"","overlay-opacity":"","overlay-gradient":""}},"ast-content-background-meta":{"desktop":{"background-color":"var(--ast-global-color-5)","background-image":"","background-repeat":"repeat","background-position":"center center","background-size":"auto","background-attachment":"scroll","background-type":"","background-media":"","overlay-type":"","overlay-color":"","overlay-opacity":"","overlay-gradient":""},"tablet":{"background-color":"var(--ast-global-color-5)","background-image":"","background-repeat":"repeat","background-position":"center center","background-size":"auto","background-attachment":"scroll","background-type":"","background-media":"","overlay-type":"","overlay-color":"","overlay-opacity":"","overlay-gradient":""},"mobile":{"background-color":"var(--ast-global-color-5)","background-image":"","background-repeat":"repeat","background-position":"center center","background-size":"auto","background-attachment":"scroll","background-type":"","background-media":"","overlay-type":"","overlay-color":"","overlay-opacity":"","overlay-gradient":""}}},"product_brand":[],"product_cat":[49],"product_tag":[],"class_list":{"0":"post-2062","1":"product","2":"type-product","3":"status-publish","4":"has-post-thumbnail","6":"product_cat-mediterraneo","7":"desktop-align-center","8":"tablet-align-center","9":"mobile-align-center","10":"ast-product-gallery-layout-horizontal","11":"ast-product-tabs-layout-horizontal","13":"first","14":"instock","15":"purchasable","16":"product-type-simple"},"gallery_images":[2064,2065,1763],"yoast_head":"<!-- This site is optimized with the Yoast SEO plugin v27.3 - https:\/\/yoast.com\/product\/yoast-seo-wordpress\/ -->\n<title>Orologio Light Time Mediterraneo L603A  diametro 35mm - Light Time<\/title>\n<meta name=\"robots\" content=\"index, follow, max-snippet:-1, max-image-preview:large, max-video-preview:-1\" \/>\n<link rel=\"canonical\" href=\"https:\/\/lighttime.it\/es\/orologio\/reloj-luz-mediterraneo-l603a-diametro-35mm\/\" \/>\n<meta property=\"og:locale\" content=\"es_ES\" \/>\n<meta property=\"og:type\" content=\"article\" \/>\n<meta property=\"og:title\" content=\"Orologio Light Time Mediterraneo L603A  diametro 35mm - Light Time\" \/>\n<meta property=\"og:description\" content=\"Orologio donna Diametro 35mm 300 cristalli Preciosa inseriti a mano, manifattura italiana. Movimento quarzo Giapponese Myota Cassa e bracciale in policarbonato  Su richiesta, possiamo regolare la dimensione bracciale in base alla misura del tuo polso. Durante l\u2019ordine potrai fornire la circonferenza del tuo polso in centimetri ed inserirlo nel campo note.\" \/>\n<meta property=\"og:url\" content=\"https:\/\/lighttime.it\/es\/orologio\/reloj-luz-mediterraneo-l603a-diametro-35mm\/\" \/>\n<meta property=\"og:site_name\" content=\"Light Time\" \/>\n<meta property=\"article:modified_time\" content=\"2024-08-29T15:18:40+00:00\" \/>\n<meta property=\"og:image\" content=\"https:\/\/lighttime.it\/wp-content\/uploads\/2020\/10\/L603.A.jpg\" \/>\n\t<meta property=\"og:image:width\" content=\"760\" \/>\n\t<meta property=\"og:image:height\" content=\"1040\" \/>\n\t<meta property=\"og:image:type\" content=\"image\/jpeg\" \/>\n<meta name=\"twitter:card\" content=\"summary_large_image\" \/>\n<script type=\"application\/ld+json\" class=\"yoast-schema-graph\">{\"@context\":\"https:\\\/\\\/schema.org\",\"@graph\":[{\"@type\":\"WebPage\",\"@id\":\"https:\\\/\\\/lighttime.it\\\/orologio\\\/orologio-light-time-mediterraneo-l603a-diametro-35mm\\\/\",\"url\":\"https:\\\/\\\/lighttime.it\\\/orologio\\\/orologio-light-time-mediterraneo-l603a-diametro-35mm\\\/\",\"name\":\"Orologio Light Time Mediterraneo L603A diametro 35mm - Light Time\",\"isPartOf\":{\"@id\":\"https:\\\/\\\/lighttime.it\\\/#website\"},\"primaryImageOfPage\":{\"@id\":\"https:\\\/\\\/lighttime.it\\\/orologio\\\/orologio-light-time-mediterraneo-l603a-diametro-35mm\\\/#primaryimage\"},\"image\":{\"@id\":\"https:\\\/\\\/lighttime.it\\\/orologio\\\/orologio-light-time-mediterraneo-l603a-diametro-35mm\\\/#primaryimage\"},\"thumbnailUrl\":\"https:\\\/\\\/lighttime.it\\\/wp-content\\\/uploads\\\/2020\\\/10\\\/L603.A.jpg\",\"datePublished\":\"2020-10-12T09:46:12+00:00\",\"dateModified\":\"2024-08-29T15:18:40+00:00\",\"breadcrumb\":{\"@id\":\"https:\\\/\\\/lighttime.it\\\/orologio\\\/orologio-light-time-mediterraneo-l603a-diametro-35mm\\\/#breadcrumb\"},\"inLanguage\":\"es\",\"potentialAction\":[{\"@type\":\"ReadAction\",\"target\":[\"https:\\\/\\\/lighttime.it\\\/orologio\\\/orologio-light-time-mediterraneo-l603a-diametro-35mm\\\/\"]}]},{\"@type\":\"ImageObject\",\"inLanguage\":\"es\",\"@id\":\"https:\\\/\\\/lighttime.it\\\/orologio\\\/orologio-light-time-mediterraneo-l603a-diametro-35mm\\\/#primaryimage\",\"url\":\"https:\\\/\\\/lighttime.it\\\/wp-content\\\/uploads\\\/2020\\\/10\\\/L603.A.jpg\",\"contentUrl\":\"https:\\\/\\\/lighttime.it\\\/wp-content\\\/uploads\\\/2020\\\/10\\\/L603.A.jpg\",\"width\":760,\"height\":1040,\"caption\":\"Orologio Light Time Mediterraneo L603.A\"},{\"@type\":\"BreadcrumbList\",\"@id\":\"https:\\\/\\\/lighttime.it\\\/orologio\\\/orologio-light-time-mediterraneo-l603a-diametro-35mm\\\/#breadcrumb\",\"itemListElement\":[{\"@type\":\"ListItem\",\"position\":1,\"name\":\"Home\",\"item\":\"https:\\\/\\\/lighttime.it\\\/\"},{\"@type\":\"ListItem\",\"position\":2,\"name\":\"Shop\",\"item\":\"https:\\\/\\\/lighttime.it\\\/en\\\/shop\\\/\"},{\"@type\":\"ListItem\",\"position\":3,\"name\":\"Orologio Light Time Mediterraneo L603A diametro 35mm\"}]},{\"@type\":\"WebSite\",\"@id\":\"https:\\\/\\\/lighttime.it\\\/#website\",\"url\":\"https:\\\/\\\/lighttime.it\\\/\",\"name\":\"Light Time\",\"description\":\"Orologi Uomo Donna\",\"publisher\":{\"@id\":\"https:\\\/\\\/lighttime.it\\\/#organization\"},\"potentialAction\":[{\"@type\":\"SearchAction\",\"target\":{\"@type\":\"EntryPoint\",\"urlTemplate\":\"https:\\\/\\\/lighttime.it\\\/?s={search_term_string}\"},\"query-input\":{\"@type\":\"PropertyValueSpecification\",\"valueRequired\":true,\"valueName\":\"search_term_string\"}}],\"inLanguage\":\"es\"},{\"@type\":\"Organization\",\"@id\":\"https:\\\/\\\/lighttime.it\\\/#organization\",\"name\":\"Light Time\",\"url\":\"https:\\\/\\\/lighttime.it\\\/\",\"logo\":{\"@type\":\"ImageObject\",\"inLanguage\":\"es\",\"@id\":\"https:\\\/\\\/lighttime.it\\\/#\\\/schema\\\/logo\\\/image\\\/\",\"url\":\"https:\\\/\\\/lighttime.it\\\/wp-content\\\/uploads\\\/2021\\\/01\\\/cropped-logo-light-time-fav.png\",\"contentUrl\":\"https:\\\/\\\/lighttime.it\\\/wp-content\\\/uploads\\\/2021\\\/01\\\/cropped-logo-light-time-fav.png\",\"width\":512,\"height\":512,\"caption\":\"Light Time\"},\"image\":{\"@id\":\"https:\\\/\\\/lighttime.it\\\/#\\\/schema\\\/logo\\\/image\\\/\"}}]}<\/script>\n<!-- \/ Yoast SEO plugin. -->","yoast_head_json":{"title":"Reloj Light Time Mediterraneo L603A di\u00e1metro 35mm - Light Time","robots":{"index":"index","follow":"follow","max-snippet":"max-snippet:-1","max-image-preview":"max-image-preview:large","max-video-preview":"max-video-preview:-1"},"canonical":"https:\/\/lighttime.it\/es\/orologio\/reloj-luz-mediterraneo-l603a-diametro-35mm\/","og_locale":"es_ES","og_type":"article","og_title":"Orologio Light Time Mediterraneo L603A  diametro 35mm - Light Time","og_description":"Orologio donna Diametro 35mm 300 cristalli Preciosa inseriti a mano, manifattura italiana. Movimento quarzo Giapponese Myota Cassa e bracciale in policarbonato  Su richiesta, possiamo regolare la dimensione bracciale in base alla misura del tuo polso. Durante l\u2019ordine potrai fornire la circonferenza del tuo polso in centimetri ed inserirlo nel campo note.","og_url":"https:\/\/lighttime.it\/es\/orologio\/reloj-luz-mediterraneo-l603a-diametro-35mm\/","og_site_name":"Light Time","article_modified_time":"2024-08-29T15:18:40+00:00","og_image":[{"width":760,"height":1040,"url":"https:\/\/lighttime.it\/wp-content\/uploads\/2020\/10\/L603.A.jpg","type":"image\/jpeg"}],"twitter_card":"summary_large_image","schema":{"@context":"https:\/\/schema.org","@graph":[{"@type":"WebPage","@id":"https:\/\/lighttime.it\/orologio\/orologio-light-time-mediterraneo-l603a-diametro-35mm\/","url":"https:\/\/lighttime.it\/orologio\/orologio-light-time-mediterraneo-l603a-diametro-35mm\/","name":"Reloj Light Time Mediterraneo L603A di\u00e1metro 35mm - Light Time","isPartOf":{"@id":"https:\/\/lighttime.it\/#website"},"primaryImageOfPage":{"@id":"https:\/\/lighttime.it\/orologio\/orologio-light-time-mediterraneo-l603a-diametro-35mm\/#primaryimage"},"image":{"@id":"https:\/\/lighttime.it\/orologio\/orologio-light-time-mediterraneo-l603a-diametro-35mm\/#primaryimage"},"thumbnailUrl":"https:\/\/lighttime.it\/wp-content\/uploads\/2020\/10\/L603.A.jpg","datePublished":"2020-10-12T09:46:12+00:00","dateModified":"2024-08-29T15:18:40+00:00","breadcrumb":{"@id":"https:\/\/lighttime.it\/orologio\/orologio-light-time-mediterraneo-l603a-diametro-35mm\/#breadcrumb"},"inLanguage":"es","potentialAction":[{"@type":"ReadAction","target":["https:\/\/lighttime.it\/orologio\/orologio-light-time-mediterraneo-l603a-diametro-35mm\/"]}]},{"@type":"ImageObject","inLanguage":"es","@id":"https:\/\/lighttime.it\/orologio\/orologio-light-time-mediterraneo-l603a-diametro-35mm\/#primaryimage","url":"https:\/\/lighttime.it\/wp-content\/uploads\/2020\/10\/L603.A.jpg","contentUrl":"https:\/\/lighttime.it\/wp-content\/uploads\/2020\/10\/L603.A.jpg","width":760,"height":1040,"caption":"Orologio Light Time Mediterraneo L603.A"},{"@type":"BreadcrumbList","@id":"https:\/\/lighttime.it\/orologio\/orologio-light-time-mediterraneo-l603a-diametro-35mm\/#breadcrumb","itemListElement":[{"@type":"ListItem","position":1,"name":"Home","item":"https:\/\/lighttime.it\/"},{"@type":"ListItem","position":2,"name":"Shop","item":"https:\/\/lighttime.it\/en\/shop\/"},{"@type":"ListItem","position":3,"name":"Orologio Light Time Mediterraneo L603A diametro 35mm"}]},{"@type":"WebSite","@id":"https:\/\/lighttime.it\/#website","url":"https:\/\/lighttime.it\/","name":"Tiempo de luz","description":"Relojes de hombre","publisher":{"@id":"https:\/\/lighttime.it\/#organization"},"potentialAction":[{"@type":"SearchAction","target":{"@type":"EntryPoint","urlTemplate":"https:\/\/lighttime.it\/?s={search_term_string}"},"query-input":{"@type":"PropertyValueSpecification","valueRequired":true,"valueName":"search_term_string"}}],"inLanguage":"es"},{"@type":"Organization","@id":"https:\/\/lighttime.it\/#organization","name":"Tiempo de luz","url":"https:\/\/lighttime.it\/","logo":{"@type":"ImageObject","inLanguage":"es","@id":"https:\/\/lighttime.it\/#\/schema\/logo\/image\/","url":"https:\/\/lighttime.it\/wp-content\/uploads\/2021\/01\/cropped-logo-light-time-fav.png","contentUrl":"https:\/\/lighttime.it\/wp-content\/uploads\/2021\/01\/cropped-logo-light-time-fav.png","width":512,"height":512,"caption":"Light Time"},"image":{"@id":"https:\/\/lighttime.it\/#\/schema\/logo\/image\/"}}]}},"_links":{"self":[{"href":"https:\/\/lighttime.it\/es\/wp-json\/wp\/v2\/product\/2062","targetHints":{"allow":["GET"]}}],"collection":[{"href":"https:\/\/lighttime.it\/es\/wp-json\/wp\/v2\/product"}],"about":[{"href":"https:\/\/lighttime.it\/es\/wp-json\/wp\/v2\/types\/product"}],"version-history":[{"count":0,"href":"https:\/\/lighttime.it\/es\/wp-json\/wp\/v2\/product\/2062\/revisions"}],"wp:featuredmedia":[{"embeddable":true,"href":"https:\/\/lighttime.it\/es\/wp-json\/wp\/v2\/media\/2063"}],"wp:attachment":[{"href":"https:\/\/lighttime.it\/es\/wp-json\/wp\/v2\/media?parent=2062"}],"wp:term":[{"taxonomy":"product_brand","embeddable":true,"href":"https:\/\/lighttime.it\/es\/wp-json\/wp\/v2\/product_brand?post=2062"},{"taxonomy":"product_cat","embeddable":true,"href":"https:\/\/lighttime.it\/es\/wp-json\/wp\/v2\/product_cat?post=2062"},{"taxonomy":"product_tag","embeddable":true,"href":"https:\/\/lighttime.it\/es\/wp-json\/wp\/v2\/product_tag?post=2062"}],"curies":[{"name":"wp","href":"https:\/\/api.w.org\/{rel}","templated":true}]}}