{"id":2030,"date":"2020-10-12T09:45:09","date_gmt":"2020-10-12T09:45:09","guid":{"rendered":"http:\/\/newlight.xccqymhxaw-zqy3jpv9q3kg.p.runcloud.link\/product\/orologio-light-time-velvet-cristal-l507b-bi\/"},"modified":"2025-07-17T14:58:26","modified_gmt":"2025-07-17T14:58:26","slug":"mediterraneo-night-l507b-bi","status":"publish","type":"product","link":"https:\/\/lighttime.it\/es\/orologio\/mediterraneo-night-l507b-bi\/","title":{"rendered":"Mediterraneo Night L507B-BI"},"content":{"rendered":"","protected":false},"excerpt":{"rendered":"<p>Reloj de se\u00f1ora con movimiento de cuarzo miyota,<br \/>\nCaja de policarbonato, Di\u00e1metro mm 40<br \/>\nTuerca de acero con diamantes de imitaci\u00f3n<br \/>\nEsfera negra con fecha a las 3<br \/>\nCristal mineral con lente<br \/>\nPulsera de policarbonato<br \/>\nHebilla de acero retr\u00e1ctil<br \/>\nResistente al agua 5ATM<\/p>\n<p>Si lo desea, podemos ajustar el tama\u00f1o de la pulsera al tama\u00f1o de su mu\u00f1eca. Al hacer el pedido, puede indicar la circunferencia de su mu\u00f1eca en cent\u00edmetros e introducirla en el campo de notas.<\/p>","protected":false},"featured_media":2031,"template":"","meta":{"site-sidebar-layout":"default","site-content-layout":"default","ast-site-content-layout":"default","site-content-style":"default","site-sidebar-style":"default","ast-global-header-display":"","ast-banner-title-visibility":"","ast-main-header-display":"","ast-hfb-above-header-display":"","ast-hfb-below-header-display":"","ast-hfb-mobile-header-display":"","site-post-title":"","ast-breadcrumbs-content":"","ast-featured-img":"","footer-sml-layout":"","ast-disable-related-posts":"","theme-transparent-header-meta":"default","adv-header-id-meta":"","stick-header-meta":"default","header-above-stick-meta":"","header-main-stick-meta":"","header-below-stick-meta":"","astra-migrate-meta-layouts":"set","ast-page-background-enabled":"default","ast-page-background-meta":{"desktop":{"background-color":"","background-image":"","background-repeat":"repeat","background-position":"center center","background-size":"auto","background-attachment":"scroll","background-type":"","background-media":"","overlay-type":"","overlay-color":"","overlay-opacity":"","overlay-gradient":""},"tablet":{"background-color":"","background-image":"","background-repeat":"repeat","background-position":"center center","background-size":"auto","background-attachment":"scroll","background-type":"","background-media":"","overlay-type":"","overlay-color":"","overlay-opacity":"","overlay-gradient":""},"mobile":{"background-color":"","background-image":"","background-repeat":"repeat","background-position":"center center","background-size":"auto","background-attachment":"scroll","background-type":"","background-media":"","overlay-type":"","overlay-color":"","overlay-opacity":"","overlay-gradient":""}},"ast-content-background-meta":{"desktop":{"background-color":"var(--ast-global-color-5)","background-image":"","background-repeat":"repeat","background-position":"center center","background-size":"auto","background-attachment":"scroll","background-type":"","background-media":"","overlay-type":"","overlay-color":"","overlay-opacity":"","overlay-gradient":""},"tablet":{"background-color":"var(--ast-global-color-5)","background-image":"","background-repeat":"repeat","background-position":"center center","background-size":"auto","background-attachment":"scroll","background-type":"","background-media":"","overlay-type":"","overlay-color":"","overlay-opacity":"","overlay-gradient":""},"mobile":{"background-color":"var(--ast-global-color-5)","background-image":"","background-repeat":"repeat","background-position":"center center","background-size":"auto","background-attachment":"scroll","background-type":"","background-media":"","overlay-type":"","overlay-color":"","overlay-opacity":"","overlay-gradient":""}}},"product_brand":[],"product_cat":[52],"product_tag":[],"class_list":{"0":"post-2030","1":"product","2":"type-product","3":"status-publish","4":"has-post-thumbnail","6":"product_cat-mediterraneo-night","7":"desktop-align-center","8":"tablet-align-center","9":"mobile-align-center","10":"ast-product-gallery-layout-horizontal","11":"ast-product-tabs-layout-horizontal","13":"first","14":"instock","15":"purchasable","16":"product-type-simple"},"gallery_images":[12918,2032,2033,2034,756],"yoast_head":"<!-- This site is optimized with the Yoast SEO plugin v27.3 - https:\/\/yoast.com\/product\/yoast-seo-wordpress\/ -->\n<title>Mediterraneo Night L507B-BI - Light Time<\/title>\n<meta name=\"robots\" content=\"index, follow, max-snippet:-1, max-image-preview:large, max-video-preview:-1\" \/>\n<link rel=\"canonical\" href=\"https:\/\/lighttime.it\/es\/orologio\/mediterraneo-night-l507b-bi\/\" \/>\n<meta property=\"og:locale\" content=\"es_ES\" \/>\n<meta property=\"og:type\" content=\"article\" \/>\n<meta property=\"og:title\" content=\"Mediterraneo Night L507B-BI - Light Time\" \/>\n<meta property=\"og:description\" content=\"Orologio donna con movimento al quarzo miyota, Cassa in policarbonato, Diametro mm. 40 Ghiera acciaio con strass Quadrante nero con data a ore 3 Vetro minerale con lente Bracciale in policarbonato Fibbia acciaio a scomparsa Water resistant 5ATM  Su richiesta, possiamo regolare la dimensione bracciale in base alla misura del tuo polso. Durante l\u2019ordine potrai fornire la circonferenza del tuo polso in centimetri ed inserirlo nel campo note.\" \/>\n<meta property=\"og:url\" content=\"https:\/\/lighttime.it\/es\/orologio\/mediterraneo-night-l507b-bi\/\" \/>\n<meta property=\"og:site_name\" content=\"Light Time\" \/>\n<meta property=\"article:modified_time\" content=\"2025-07-17T14:58:26+00:00\" \/>\n<meta property=\"og:image\" content=\"https:\/\/lighttime.it\/wp-content\/uploads\/2020\/10\/L507B-BI1.jpg\" \/>\n\t<meta property=\"og:image:width\" content=\"760\" \/>\n\t<meta property=\"og:image:height\" content=\"1040\" \/>\n\t<meta property=\"og:image:type\" content=\"image\/jpeg\" \/>\n<meta name=\"twitter:card\" content=\"summary_large_image\" \/>\n<meta name=\"twitter:label1\" content=\"Tiempo de lectura\" \/>\n\t<meta name=\"twitter:data1\" content=\"1 minuto\" \/>\n<script type=\"application\/ld+json\" class=\"yoast-schema-graph\">{\"@context\":\"https:\\\/\\\/schema.org\",\"@graph\":[{\"@type\":\"WebPage\",\"@id\":\"https:\\\/\\\/lighttime.it\\\/orologio\\\/mediterraneo-night-l507b-bi\\\/\",\"url\":\"https:\\\/\\\/lighttime.it\\\/orologio\\\/mediterraneo-night-l507b-bi\\\/\",\"name\":\"Mediterraneo Night L507B-BI - Light Time\",\"isPartOf\":{\"@id\":\"https:\\\/\\\/lighttime.it\\\/#website\"},\"primaryImageOfPage\":{\"@id\":\"https:\\\/\\\/lighttime.it\\\/orologio\\\/mediterraneo-night-l507b-bi\\\/#primaryimage\"},\"image\":{\"@id\":\"https:\\\/\\\/lighttime.it\\\/orologio\\\/mediterraneo-night-l507b-bi\\\/#primaryimage\"},\"thumbnailUrl\":\"https:\\\/\\\/lighttime.it\\\/wp-content\\\/uploads\\\/2020\\\/10\\\/L507B-BI1.jpg\",\"datePublished\":\"2020-10-12T09:45:09+00:00\",\"dateModified\":\"2025-07-17T14:58:26+00:00\",\"breadcrumb\":{\"@id\":\"https:\\\/\\\/lighttime.it\\\/orologio\\\/mediterraneo-night-l507b-bi\\\/#breadcrumb\"},\"inLanguage\":\"es\",\"potentialAction\":[{\"@type\":\"ReadAction\",\"target\":[\"https:\\\/\\\/lighttime.it\\\/orologio\\\/mediterraneo-night-l507b-bi\\\/\"]}]},{\"@type\":\"ImageObject\",\"inLanguage\":\"es\",\"@id\":\"https:\\\/\\\/lighttime.it\\\/orologio\\\/mediterraneo-night-l507b-bi\\\/#primaryimage\",\"url\":\"https:\\\/\\\/lighttime.it\\\/wp-content\\\/uploads\\\/2020\\\/10\\\/L507B-BI1.jpg\",\"contentUrl\":\"https:\\\/\\\/lighttime.it\\\/wp-content\\\/uploads\\\/2020\\\/10\\\/L507B-BI1.jpg\",\"width\":760,\"height\":1040,\"caption\":\"L507B-BI\"},{\"@type\":\"BreadcrumbList\",\"@id\":\"https:\\\/\\\/lighttime.it\\\/orologio\\\/mediterraneo-night-l507b-bi\\\/#breadcrumb\",\"itemListElement\":[{\"@type\":\"ListItem\",\"position\":1,\"name\":\"Home\",\"item\":\"https:\\\/\\\/lighttime.it\\\/\"},{\"@type\":\"ListItem\",\"position\":2,\"name\":\"Shop\",\"item\":\"https:\\\/\\\/lighttime.it\\\/en\\\/shop\\\/\"},{\"@type\":\"ListItem\",\"position\":3,\"name\":\"Mediterraneo Night L507B-BI\"}]},{\"@type\":\"WebSite\",\"@id\":\"https:\\\/\\\/lighttime.it\\\/#website\",\"url\":\"https:\\\/\\\/lighttime.it\\\/\",\"name\":\"Light Time\",\"description\":\"Orologi Uomo Donna\",\"publisher\":{\"@id\":\"https:\\\/\\\/lighttime.it\\\/#organization\"},\"potentialAction\":[{\"@type\":\"SearchAction\",\"target\":{\"@type\":\"EntryPoint\",\"urlTemplate\":\"https:\\\/\\\/lighttime.it\\\/?s={search_term_string}\"},\"query-input\":{\"@type\":\"PropertyValueSpecification\",\"valueRequired\":true,\"valueName\":\"search_term_string\"}}],\"inLanguage\":\"es\"},{\"@type\":\"Organization\",\"@id\":\"https:\\\/\\\/lighttime.it\\\/#organization\",\"name\":\"Light Time\",\"url\":\"https:\\\/\\\/lighttime.it\\\/\",\"logo\":{\"@type\":\"ImageObject\",\"inLanguage\":\"es\",\"@id\":\"https:\\\/\\\/lighttime.it\\\/#\\\/schema\\\/logo\\\/image\\\/\",\"url\":\"https:\\\/\\\/lighttime.it\\\/wp-content\\\/uploads\\\/2021\\\/01\\\/cropped-logo-light-time-fav.png\",\"contentUrl\":\"https:\\\/\\\/lighttime.it\\\/wp-content\\\/uploads\\\/2021\\\/01\\\/cropped-logo-light-time-fav.png\",\"width\":512,\"height\":512,\"caption\":\"Light Time\"},\"image\":{\"@id\":\"https:\\\/\\\/lighttime.it\\\/#\\\/schema\\\/logo\\\/image\\\/\"}}]}<\/script>\n<!-- \/ Yoast SEO plugin. -->","yoast_head_json":{"title":"Mediterraneo Night L507B-BI - Light Time","robots":{"index":"index","follow":"follow","max-snippet":"max-snippet:-1","max-image-preview":"max-image-preview:large","max-video-preview":"max-video-preview:-1"},"canonical":"https:\/\/lighttime.it\/es\/orologio\/mediterraneo-night-l507b-bi\/","og_locale":"es_ES","og_type":"article","og_title":"Mediterraneo Night L507B-BI - Light Time","og_description":"Orologio donna con movimento al quarzo miyota, Cassa in policarbonato, Diametro mm. 40 Ghiera acciaio con strass Quadrante nero con data a ore 3 Vetro minerale con lente Bracciale in policarbonato Fibbia acciaio a scomparsa Water resistant 5ATM  Su richiesta, possiamo regolare la dimensione bracciale in base alla misura del tuo polso. Durante l\u2019ordine potrai fornire la circonferenza del tuo polso in centimetri ed inserirlo nel campo note.","og_url":"https:\/\/lighttime.it\/es\/orologio\/mediterraneo-night-l507b-bi\/","og_site_name":"Light Time","article_modified_time":"2025-07-17T14:58:26+00:00","og_image":[{"width":760,"height":1040,"url":"https:\/\/lighttime.it\/wp-content\/uploads\/2020\/10\/L507B-BI1.jpg","type":"image\/jpeg"}],"twitter_card":"summary_large_image","twitter_misc":{"Tiempo de lectura":"1 minuto"},"schema":{"@context":"https:\/\/schema.org","@graph":[{"@type":"WebPage","@id":"https:\/\/lighttime.it\/orologio\/mediterraneo-night-l507b-bi\/","url":"https:\/\/lighttime.it\/orologio\/mediterraneo-night-l507b-bi\/","name":"Mediterraneo Night L507B-BI - Light Time","isPartOf":{"@id":"https:\/\/lighttime.it\/#website"},"primaryImageOfPage":{"@id":"https:\/\/lighttime.it\/orologio\/mediterraneo-night-l507b-bi\/#primaryimage"},"image":{"@id":"https:\/\/lighttime.it\/orologio\/mediterraneo-night-l507b-bi\/#primaryimage"},"thumbnailUrl":"https:\/\/lighttime.it\/wp-content\/uploads\/2020\/10\/L507B-BI1.jpg","datePublished":"2020-10-12T09:45:09+00:00","dateModified":"2025-07-17T14:58:26+00:00","breadcrumb":{"@id":"https:\/\/lighttime.it\/orologio\/mediterraneo-night-l507b-bi\/#breadcrumb"},"inLanguage":"es","potentialAction":[{"@type":"ReadAction","target":["https:\/\/lighttime.it\/orologio\/mediterraneo-night-l507b-bi\/"]}]},{"@type":"ImageObject","inLanguage":"es","@id":"https:\/\/lighttime.it\/orologio\/mediterraneo-night-l507b-bi\/#primaryimage","url":"https:\/\/lighttime.it\/wp-content\/uploads\/2020\/10\/L507B-BI1.jpg","contentUrl":"https:\/\/lighttime.it\/wp-content\/uploads\/2020\/10\/L507B-BI1.jpg","width":760,"height":1040,"caption":"L507B-BI"},{"@type":"BreadcrumbList","@id":"https:\/\/lighttime.it\/orologio\/mediterraneo-night-l507b-bi\/#breadcrumb","itemListElement":[{"@type":"ListItem","position":1,"name":"Home","item":"https:\/\/lighttime.it\/"},{"@type":"ListItem","position":2,"name":"Shop","item":"https:\/\/lighttime.it\/en\/shop\/"},{"@type":"ListItem","position":3,"name":"Mediterraneo Night L507B-BI"}]},{"@type":"WebSite","@id":"https:\/\/lighttime.it\/#website","url":"https:\/\/lighttime.it\/","name":"Tiempo de luz","description":"Relojes de hombre","publisher":{"@id":"https:\/\/lighttime.it\/#organization"},"potentialAction":[{"@type":"SearchAction","target":{"@type":"EntryPoint","urlTemplate":"https:\/\/lighttime.it\/?s={search_term_string}"},"query-input":{"@type":"PropertyValueSpecification","valueRequired":true,"valueName":"search_term_string"}}],"inLanguage":"es"},{"@type":"Organization","@id":"https:\/\/lighttime.it\/#organization","name":"Tiempo de luz","url":"https:\/\/lighttime.it\/","logo":{"@type":"ImageObject","inLanguage":"es","@id":"https:\/\/lighttime.it\/#\/schema\/logo\/image\/","url":"https:\/\/lighttime.it\/wp-content\/uploads\/2021\/01\/cropped-logo-light-time-fav.png","contentUrl":"https:\/\/lighttime.it\/wp-content\/uploads\/2021\/01\/cropped-logo-light-time-fav.png","width":512,"height":512,"caption":"Light Time"},"image":{"@id":"https:\/\/lighttime.it\/#\/schema\/logo\/image\/"}}]}},"_links":{"self":[{"href":"https:\/\/lighttime.it\/es\/wp-json\/wp\/v2\/product\/2030","targetHints":{"allow":["GET"]}}],"collection":[{"href":"https:\/\/lighttime.it\/es\/wp-json\/wp\/v2\/product"}],"about":[{"href":"https:\/\/lighttime.it\/es\/wp-json\/wp\/v2\/types\/product"}],"version-history":[{"count":2,"href":"https:\/\/lighttime.it\/es\/wp-json\/wp\/v2\/product\/2030\/revisions"}],"predecessor-version":[{"id":13427,"href":"https:\/\/lighttime.it\/es\/wp-json\/wp\/v2\/product\/2030\/revisions\/13427"}],"wp:featuredmedia":[{"embeddable":true,"href":"https:\/\/lighttime.it\/es\/wp-json\/wp\/v2\/media\/2031"}],"wp:attachment":[{"href":"https:\/\/lighttime.it\/es\/wp-json\/wp\/v2\/media?parent=2030"}],"wp:term":[{"taxonomy":"product_brand","embeddable":true,"href":"https:\/\/lighttime.it\/es\/wp-json\/wp\/v2\/product_brand?post=2030"},{"taxonomy":"product_cat","embeddable":true,"href":"https:\/\/lighttime.it\/es\/wp-json\/wp\/v2\/product_cat?post=2030"},{"taxonomy":"product_tag","embeddable":true,"href":"https:\/\/lighttime.it\/es\/wp-json\/wp\/v2\/product_tag?post=2030"}],"curies":[{"name":"wp","href":"https:\/\/api.w.org\/{rel}","templated":true}]}}