{"id":1453,"date":"2020-10-12T09:40:20","date_gmt":"2020-10-12T09:40:20","guid":{"rendered":"http:\/\/newlight.xccqymhxaw-zqy3jpv9q3kg.p.runcloud.link\/product\/orologio-light-time-the-first-l217gc\/"},"modified":"2023-05-17T09:07:35","modified_gmt":"2023-05-17T09:07:35","slug":"reloj-luz-tiempo-primero-l217gc","status":"publish","type":"product","link":"https:\/\/lighttime.it\/es\/orologio\/reloj-luz-tiempo-primero-l217gc\/","title":{"rendered":"Reloj Light Time The First L217GC"},"content":{"rendered":"<p>Impresionante reloj de dise\u00f1o deportivo y contempor\u00e1neo, de la colecci\u00f3n \"The first\" de Light Time. Este reloj tiene una caracter\u00edstica que lo hace especial en comparaci\u00f3n con los modelos que hay actualmente en el mercado, su ligereza. De hecho, gracias a su estructura de policarbonato, pierde ese peso excesivo que suelen tener los brazaletes de acero. Adem\u00e1s de ser ligero, se caracteriza por un efecto de transparencia que lo hace \u00fanico. Adem\u00e1s de hacer que el reloj sea s\u00faper ligero, el policarbonato ofrece una importante caracter\u00edstica de robustez, que har\u00e1 que el producto sea duradero en el tiempo.<\/p>\n<p>Light Time va m\u00e1s all\u00e1 de la simple esencia de un reloj. No se limita a ofrecer objetos que marcan \"s\u00f3lo\" el paso del tiempo. Los que llevan el Tiempo de Luz quieren tener \"algo m\u00e1s\". Con Light Time, la calidad se fusiona con el estilo, el refinamiento de los materiales utilizados hace un gui\u00f1o a las tendencias actuales y reinterpreta las del pasado en clave moderna.<\/p>","protected":false},"excerpt":{"rendered":"<ul>\n<li>Ultraligero, s\u00f3lo 57 gramos<\/li>\n<li>Caja y pulsera de policarbonato transparente<\/li>\n<li>Di\u00e1metro de la caja 44 mm<\/li>\n<li>Cristal mineral con lente de fecha<\/li>\n<li>Ventana de fecha a las 3 horas<\/li>\n<li>Resistente al agua 5 ATM<\/li>\n<li>Movimiento de cuarzo Myota<\/li>\n<li>Fondo y corona de acero atornillados<\/li>\n<li>Policarbonato ultra resistente<\/li>\n<li>Tuerca de anillo unidireccional de acero dorado\/azul<\/li>\n<li>Manos e \u00edndices que brillan en la oscuridad<\/li>\n<li>Disponible en diferentes colores<\/li>\n<li>Disponible en 2 tama\u00f1os<\/li>\n<li>Garant\u00eda de 24 meses<\/li>\n<li>Marca italiana<\/li>\n<\/ul>","protected":false},"featured_media":1454,"template":"","meta":{"site-sidebar-layout":"default","site-content-layout":"default","ast-site-content-layout":"default","site-content-style":"default","site-sidebar-style":"default","ast-global-header-display":"","ast-banner-title-visibility":"","ast-main-header-display":"","ast-hfb-above-header-display":"","ast-hfb-below-header-display":"","ast-hfb-mobile-header-display":"","site-post-title":"","ast-breadcrumbs-content":"","ast-featured-img":"","footer-sml-layout":"","ast-disable-related-posts":"","theme-transparent-header-meta":"default","adv-header-id-meta":"","stick-header-meta":"","header-above-stick-meta":"","header-main-stick-meta":"","header-below-stick-meta":"","astra-migrate-meta-layouts":"default","ast-page-background-enabled":"default","ast-page-background-meta":{"desktop":{"background-color":"","background-image":"","background-repeat":"repeat","background-position":"center center","background-size":"auto","background-attachment":"scroll","background-type":"","background-media":"","overlay-type":"","overlay-color":"","overlay-opacity":"","overlay-gradient":""},"tablet":{"background-color":"","background-image":"","background-repeat":"repeat","background-position":"center center","background-size":"auto","background-attachment":"scroll","background-type":"","background-media":"","overlay-type":"","overlay-color":"","overlay-opacity":"","overlay-gradient":""},"mobile":{"background-color":"","background-image":"","background-repeat":"repeat","background-position":"center center","background-size":"auto","background-attachment":"scroll","background-type":"","background-media":"","overlay-type":"","overlay-color":"","overlay-opacity":"","overlay-gradient":""}},"ast-content-background-meta":{"desktop":{"background-color":"var(--ast-global-color-5)","background-image":"","background-repeat":"repeat","background-position":"center center","background-size":"auto","background-attachment":"scroll","background-type":"","background-media":"","overlay-type":"","overlay-color":"","overlay-opacity":"","overlay-gradient":""},"tablet":{"background-color":"var(--ast-global-color-5)","background-image":"","background-repeat":"repeat","background-position":"center center","background-size":"auto","background-attachment":"scroll","background-type":"","background-media":"","overlay-type":"","overlay-color":"","overlay-opacity":"","overlay-gradient":""},"mobile":{"background-color":"var(--ast-global-color-5)","background-image":"","background-repeat":"repeat","background-position":"center center","background-size":"auto","background-attachment":"scroll","background-type":"","background-media":"","overlay-type":"","overlay-color":"","overlay-opacity":"","overlay-gradient":""}}},"product_brand":[],"product_cat":[26],"product_tag":[],"class_list":{"0":"post-1453","1":"product","2":"type-product","3":"status-publish","4":"has-post-thumbnail","6":"product_cat-the-first","7":"desktop-align-center","8":"tablet-align-center","9":"mobile-align-center","10":"ast-product-gallery-layout-horizontal","11":"ast-product-tabs-layout-horizontal","13":"first","14":"outofstock","15":"purchasable","16":"product-type-simple"},"gallery_images":[1455,1456,756],"yoast_head":"<!-- This site is optimized with the Yoast SEO plugin v27.4 - https:\/\/yoast.com\/product\/yoast-seo-wordpress\/ -->\n<title>Orologio Light Time The First L217GC - Light Time<\/title>\n<meta name=\"robots\" content=\"index, follow, max-snippet:-1, max-image-preview:large, max-video-preview:-1\" \/>\n<link rel=\"canonical\" href=\"https:\/\/lighttime.it\/es\/orologio\/reloj-luz-tiempo-primero-l217gc\/\" \/>\n<meta property=\"og:locale\" content=\"es_ES\" \/>\n<meta property=\"og:type\" content=\"article\" \/>\n<meta property=\"og:title\" content=\"Orologio Light Time The First L217GC - Light Time\" \/>\n<meta property=\"og:description\" content=\"Ultra leggero, solo 57 grammi  Cassa e bracciale in policarbonato trasparente  Diametro cassa 44 mm  Vetro minerale con lente datario  Datario ore 3  Resistente all\u2019acqua\u00a05 ATM  Movimento al quarzo Myota  Fondello e corona in acciaio a vite  Policarbonato ultra-resistente  Ghiera oro\/blu unidirezionale in acciaio  Lancette e indici luminosi al buio  Disponibile in diversi colori  Disponibile in 2 misure  Garanzia 24 mesi  Brand Italiano\" \/>\n<meta property=\"og:url\" content=\"https:\/\/lighttime.it\/es\/orologio\/reloj-luz-tiempo-primero-l217gc\/\" \/>\n<meta property=\"og:site_name\" content=\"Light Time\" \/>\n<meta property=\"article:modified_time\" content=\"2023-05-17T09:07:35+00:00\" \/>\n<meta property=\"og:image\" content=\"https:\/\/lighttime.it\/wp-content\/uploads\/2020\/10\/L217G-C.jpg\" \/>\n\t<meta property=\"og:image:width\" content=\"760\" \/>\n\t<meta property=\"og:image:height\" content=\"1040\" \/>\n\t<meta property=\"og:image:type\" content=\"image\/jpeg\" \/>\n<meta name=\"twitter:card\" content=\"summary_large_image\" \/>\n<meta name=\"twitter:label1\" content=\"Tiempo de lectura\" \/>\n\t<meta name=\"twitter:data1\" content=\"1 minuto\" \/>\n<script type=\"application\/ld+json\" class=\"yoast-schema-graph\">{\"@context\":\"https:\\\/\\\/schema.org\",\"@graph\":[{\"@type\":\"WebPage\",\"@id\":\"https:\\\/\\\/lighttime.it\\\/orologio\\\/orologio-light-time-the-first-l217gc\\\/\",\"url\":\"https:\\\/\\\/lighttime.it\\\/orologio\\\/orologio-light-time-the-first-l217gc\\\/\",\"name\":\"Orologio Light Time The First L217GC - Light Time\",\"isPartOf\":{\"@id\":\"https:\\\/\\\/lighttime.it\\\/#website\"},\"primaryImageOfPage\":{\"@id\":\"https:\\\/\\\/lighttime.it\\\/orologio\\\/orologio-light-time-the-first-l217gc\\\/#primaryimage\"},\"image\":{\"@id\":\"https:\\\/\\\/lighttime.it\\\/orologio\\\/orologio-light-time-the-first-l217gc\\\/#primaryimage\"},\"thumbnailUrl\":\"https:\\\/\\\/lighttime.it\\\/wp-content\\\/uploads\\\/2020\\\/10\\\/L217G-C.jpg\",\"datePublished\":\"2020-10-12T09:40:20+00:00\",\"dateModified\":\"2023-05-17T09:07:35+00:00\",\"breadcrumb\":{\"@id\":\"https:\\\/\\\/lighttime.it\\\/orologio\\\/orologio-light-time-the-first-l217gc\\\/#breadcrumb\"},\"inLanguage\":\"es\",\"potentialAction\":[{\"@type\":\"ReadAction\",\"target\":[\"https:\\\/\\\/lighttime.it\\\/orologio\\\/orologio-light-time-the-first-l217gc\\\/\"]}]},{\"@type\":\"ImageObject\",\"inLanguage\":\"es\",\"@id\":\"https:\\\/\\\/lighttime.it\\\/orologio\\\/orologio-light-time-the-first-l217gc\\\/#primaryimage\",\"url\":\"https:\\\/\\\/lighttime.it\\\/wp-content\\\/uploads\\\/2020\\\/10\\\/L217G-C.jpg\",\"contentUrl\":\"https:\\\/\\\/lighttime.it\\\/wp-content\\\/uploads\\\/2020\\\/10\\\/L217G-C.jpg\",\"width\":760,\"height\":1040,\"caption\":\"Orologio Light Time The First L217GC\"},{\"@type\":\"BreadcrumbList\",\"@id\":\"https:\\\/\\\/lighttime.it\\\/orologio\\\/orologio-light-time-the-first-l217gc\\\/#breadcrumb\",\"itemListElement\":[{\"@type\":\"ListItem\",\"position\":1,\"name\":\"Home\",\"item\":\"https:\\\/\\\/lighttime.it\\\/\"},{\"@type\":\"ListItem\",\"position\":2,\"name\":\"Shop\",\"item\":\"https:\\\/\\\/lighttime.it\\\/en\\\/shop\\\/\"},{\"@type\":\"ListItem\",\"position\":3,\"name\":\"Orologio Light Time The First L217GC\"}]},{\"@type\":\"WebSite\",\"@id\":\"https:\\\/\\\/lighttime.it\\\/#website\",\"url\":\"https:\\\/\\\/lighttime.it\\\/\",\"name\":\"Light Time\",\"description\":\"Orologi Uomo Donna\",\"publisher\":{\"@id\":\"https:\\\/\\\/lighttime.it\\\/#organization\"},\"potentialAction\":[{\"@type\":\"SearchAction\",\"target\":{\"@type\":\"EntryPoint\",\"urlTemplate\":\"https:\\\/\\\/lighttime.it\\\/?s={search_term_string}\"},\"query-input\":{\"@type\":\"PropertyValueSpecification\",\"valueRequired\":true,\"valueName\":\"search_term_string\"}}],\"inLanguage\":\"es\"},{\"@type\":\"Organization\",\"@id\":\"https:\\\/\\\/lighttime.it\\\/#organization\",\"name\":\"Light Time\",\"url\":\"https:\\\/\\\/lighttime.it\\\/\",\"logo\":{\"@type\":\"ImageObject\",\"inLanguage\":\"es\",\"@id\":\"https:\\\/\\\/lighttime.it\\\/#\\\/schema\\\/logo\\\/image\\\/\",\"url\":\"https:\\\/\\\/lighttime.it\\\/wp-content\\\/uploads\\\/2021\\\/01\\\/cropped-logo-light-time-fav.png\",\"contentUrl\":\"https:\\\/\\\/lighttime.it\\\/wp-content\\\/uploads\\\/2021\\\/01\\\/cropped-logo-light-time-fav.png\",\"width\":512,\"height\":512,\"caption\":\"Light Time\"},\"image\":{\"@id\":\"https:\\\/\\\/lighttime.it\\\/#\\\/schema\\\/logo\\\/image\\\/\"}}]}<\/script>\n<!-- \/ Yoast SEO plugin. -->","yoast_head_json":{"title":"Light Time The First L217GC - Reloj Light Time","robots":{"index":"index","follow":"follow","max-snippet":"max-snippet:-1","max-image-preview":"max-image-preview:large","max-video-preview":"max-video-preview:-1"},"canonical":"https:\/\/lighttime.it\/es\/orologio\/reloj-luz-tiempo-primero-l217gc\/","og_locale":"es_ES","og_type":"article","og_title":"Orologio Light Time The First L217GC - Light Time","og_description":"Ultra leggero, solo 57 grammi  Cassa e bracciale in policarbonato trasparente  Diametro cassa 44 mm  Vetro minerale con lente datario  Datario ore 3  Resistente all\u2019acqua\u00a05 ATM  Movimento al quarzo Myota  Fondello e corona in acciaio a vite  Policarbonato ultra-resistente  Ghiera oro\/blu unidirezionale in acciaio  Lancette e indici luminosi al buio  Disponibile in diversi colori  Disponibile in 2 misure  Garanzia 24 mesi  Brand Italiano","og_url":"https:\/\/lighttime.it\/es\/orologio\/reloj-luz-tiempo-primero-l217gc\/","og_site_name":"Light Time","article_modified_time":"2023-05-17T09:07:35+00:00","og_image":[{"width":760,"height":1040,"url":"https:\/\/lighttime.it\/wp-content\/uploads\/2020\/10\/L217G-C.jpg","type":"image\/jpeg"}],"twitter_card":"summary_large_image","twitter_misc":{"Tiempo de lectura":"1 minuto"},"schema":{"@context":"https:\/\/schema.org","@graph":[{"@type":"WebPage","@id":"https:\/\/lighttime.it\/orologio\/orologio-light-time-the-first-l217gc\/","url":"https:\/\/lighttime.it\/orologio\/orologio-light-time-the-first-l217gc\/","name":"Light Time The First L217GC - Reloj Light Time","isPartOf":{"@id":"https:\/\/lighttime.it\/#website"},"primaryImageOfPage":{"@id":"https:\/\/lighttime.it\/orologio\/orologio-light-time-the-first-l217gc\/#primaryimage"},"image":{"@id":"https:\/\/lighttime.it\/orologio\/orologio-light-time-the-first-l217gc\/#primaryimage"},"thumbnailUrl":"https:\/\/lighttime.it\/wp-content\/uploads\/2020\/10\/L217G-C.jpg","datePublished":"2020-10-12T09:40:20+00:00","dateModified":"2023-05-17T09:07:35+00:00","breadcrumb":{"@id":"https:\/\/lighttime.it\/orologio\/orologio-light-time-the-first-l217gc\/#breadcrumb"},"inLanguage":"es","potentialAction":[{"@type":"ReadAction","target":["https:\/\/lighttime.it\/orologio\/orologio-light-time-the-first-l217gc\/"]}]},{"@type":"ImageObject","inLanguage":"es","@id":"https:\/\/lighttime.it\/orologio\/orologio-light-time-the-first-l217gc\/#primaryimage","url":"https:\/\/lighttime.it\/wp-content\/uploads\/2020\/10\/L217G-C.jpg","contentUrl":"https:\/\/lighttime.it\/wp-content\/uploads\/2020\/10\/L217G-C.jpg","width":760,"height":1040,"caption":"Orologio Light Time The First L217GC"},{"@type":"BreadcrumbList","@id":"https:\/\/lighttime.it\/orologio\/orologio-light-time-the-first-l217gc\/#breadcrumb","itemListElement":[{"@type":"ListItem","position":1,"name":"Home","item":"https:\/\/lighttime.it\/"},{"@type":"ListItem","position":2,"name":"Shop","item":"https:\/\/lighttime.it\/en\/shop\/"},{"@type":"ListItem","position":3,"name":"Orologio Light Time The First L217GC"}]},{"@type":"WebSite","@id":"https:\/\/lighttime.it\/#website","url":"https:\/\/lighttime.it\/","name":"Tiempo de luz","description":"Relojes de hombre","publisher":{"@id":"https:\/\/lighttime.it\/#organization"},"potentialAction":[{"@type":"SearchAction","target":{"@type":"EntryPoint","urlTemplate":"https:\/\/lighttime.it\/?s={search_term_string}"},"query-input":{"@type":"PropertyValueSpecification","valueRequired":true,"valueName":"search_term_string"}}],"inLanguage":"es"},{"@type":"Organization","@id":"https:\/\/lighttime.it\/#organization","name":"Tiempo de luz","url":"https:\/\/lighttime.it\/","logo":{"@type":"ImageObject","inLanguage":"es","@id":"https:\/\/lighttime.it\/#\/schema\/logo\/image\/","url":"https:\/\/lighttime.it\/wp-content\/uploads\/2021\/01\/cropped-logo-light-time-fav.png","contentUrl":"https:\/\/lighttime.it\/wp-content\/uploads\/2021\/01\/cropped-logo-light-time-fav.png","width":512,"height":512,"caption":"Light Time"},"image":{"@id":"https:\/\/lighttime.it\/#\/schema\/logo\/image\/"}}]}},"_links":{"self":[{"href":"https:\/\/lighttime.it\/es\/wp-json\/wp\/v2\/product\/1453","targetHints":{"allow":["GET"]}}],"collection":[{"href":"https:\/\/lighttime.it\/es\/wp-json\/wp\/v2\/product"}],"about":[{"href":"https:\/\/lighttime.it\/es\/wp-json\/wp\/v2\/types\/product"}],"version-history":[{"count":0,"href":"https:\/\/lighttime.it\/es\/wp-json\/wp\/v2\/product\/1453\/revisions"}],"wp:featuredmedia":[{"embeddable":true,"href":"https:\/\/lighttime.it\/es\/wp-json\/wp\/v2\/media\/1454"}],"wp:attachment":[{"href":"https:\/\/lighttime.it\/es\/wp-json\/wp\/v2\/media?parent=1453"}],"wp:term":[{"taxonomy":"product_brand","embeddable":true,"href":"https:\/\/lighttime.it\/es\/wp-json\/wp\/v2\/product_brand?post=1453"},{"taxonomy":"product_cat","embeddable":true,"href":"https:\/\/lighttime.it\/es\/wp-json\/wp\/v2\/product_cat?post=1453"},{"taxonomy":"product_tag","embeddable":true,"href":"https:\/\/lighttime.it\/es\/wp-json\/wp\/v2\/product_tag?post=1453"}],"curies":[{"name":"wp","href":"https:\/\/api.w.org\/{rel}","templated":true}]}}