{"id":13107,"date":"2025-02-04T15:31:47","date_gmt":"2025-02-04T15:31:47","guid":{"rendered":"https:\/\/lighttime.it\/?post_type=product&#038;p=13107"},"modified":"2025-09-17T10:48:13","modified_gmt":"2025-09-17T10:48:13","slug":"velvet-l511-ne-copia","status":"publish","type":"product","link":"https:\/\/lighttime.it\/es\/orologio\/velvet-l511-ne-copia\/","title":{"rendered":"Velvet L511-BE"},"content":{"rendered":"<p>Descubra la elegancia atemporal de la Colecci\u00f3n 'Velvet' de Light Time, un equilibrio perfecto entre estilo y funcionalidad, ideal para el hombre contempor\u00e1neo. Estos relojes se caracterizan por su dise\u00f1o minimalista y elegante, concebido para quienes desean distinguirse con sobriedad y elegancia.<\/p>\n<p>Cada reloj de la colecci\u00f3n Velvet ofrece un tacto aterciopelado, combinando comodidad y lujo en un dise\u00f1o \u00fanico. Equipados con mecanismos de cuarzo de precisi\u00f3n, estos relojes no son solo un accesorio elegante, sino un compa\u00f1ero diario fiable que refleja el compromiso de Light Time con la excelencia y la innovaci\u00f3n.<\/p>\n<p>Desde la discreci\u00f3n hasta el estilo m\u00e1s atrevido, la colecci\u00f3n Velvet ofrece opciones para cada personalidad y ocasi\u00f3n. Cada pieza est\u00e1 dise\u00f1ada para elevar tu estilo y garantizar una funcionalidad impecable, d\u00eda tras d\u00eda.<\/p>","protected":false},"excerpt":{"rendered":"<p>Reloj para hombre<br \/>\nMovimiento de cuarzo Miyota<br \/>\nQuadrante Tortora Sunrise<br \/>\nCassa e Bracciale in Policarbonato Tortora<br \/>\nParte trasera de acero con tornillos<br \/>\nDi\u00e1metro de la caja 38\u00d742 mm<br \/>\nVidrio mineral<br \/>\nCierre de pulsera de mariposa de acero<\/p>","protected":false},"featured_media":13110,"template":"","meta":{"site-sidebar-layout":"default","site-content-layout":"","ast-site-content-layout":"default","site-content-style":"default","site-sidebar-style":"default","ast-global-header-display":"","ast-banner-title-visibility":"","ast-main-header-display":"","ast-hfb-above-header-display":"","ast-hfb-below-header-display":"","ast-hfb-mobile-header-display":"","site-post-title":"","ast-breadcrumbs-content":"","ast-featured-img":"","footer-sml-layout":"","ast-disable-related-posts":"","theme-transparent-header-meta":"default","adv-header-id-meta":"","stick-header-meta":"default","header-above-stick-meta":"","header-main-stick-meta":"","header-below-stick-meta":"","astra-migrate-meta-layouts":"set","ast-page-background-enabled":"default","ast-page-background-meta":{"desktop":{"background-color":"","background-image":"","background-repeat":"repeat","background-position":"center center","background-size":"auto","background-attachment":"scroll","background-type":"","background-media":"","overlay-type":"","overlay-color":"","overlay-opacity":"","overlay-gradient":""},"tablet":{"background-color":"","background-image":"","background-repeat":"repeat","background-position":"center center","background-size":"auto","background-attachment":"scroll","background-type":"","background-media":"","overlay-type":"","overlay-color":"","overlay-opacity":"","overlay-gradient":""},"mobile":{"background-color":"","background-image":"","background-repeat":"repeat","background-position":"center center","background-size":"auto","background-attachment":"scroll","background-type":"","background-media":"","overlay-type":"","overlay-color":"","overlay-opacity":"","overlay-gradient":""}},"ast-content-background-meta":{"desktop":{"background-color":"var(--ast-global-color-5)","background-image":"","background-repeat":"repeat","background-position":"center center","background-size":"auto","background-attachment":"scroll","background-type":"","background-media":"","overlay-type":"","overlay-color":"","overlay-opacity":"","overlay-gradient":""},"tablet":{"background-color":"var(--ast-global-color-5)","background-image":"","background-repeat":"repeat","background-position":"center center","background-size":"auto","background-attachment":"scroll","background-type":"","background-media":"","overlay-type":"","overlay-color":"","overlay-opacity":"","overlay-gradient":""},"mobile":{"background-color":"var(--ast-global-color-5)","background-image":"","background-repeat":"repeat","background-position":"center center","background-size":"auto","background-attachment":"scroll","background-type":"","background-media":"","overlay-type":"","overlay-color":"","overlay-opacity":"","overlay-gradient":""}}},"product_brand":[],"product_cat":[72],"product_tag":[],"class_list":{"0":"post-13107","1":"product","2":"type-product","3":"status-publish","4":"has-post-thumbnail","6":"product_cat-velvet","7":"desktop-align-center","8":"tablet-align-center","9":"mobile-align-center","10":"ast-product-gallery-layout-horizontal","11":"ast-product-tabs-layout-horizontal","13":"first","14":"instock","15":"shipping-taxable","16":"purchasable","17":"product-type-simple"},"gallery_images":[13124,13109,13108,13220],"yoast_head":"<!-- This site is optimized with the Yoast SEO plugin v27.3 - https:\/\/yoast.com\/product\/yoast-seo-wordpress\/ -->\n<title>Velvet L511-BE - Light Time<\/title>\n<meta name=\"robots\" content=\"index, follow, max-snippet:-1, max-image-preview:large, max-video-preview:-1\" \/>\n<link rel=\"canonical\" href=\"https:\/\/lighttime.it\/es\/orologio\/velvet-l511-ne-copia\/\" \/>\n<meta property=\"og:locale\" content=\"es_ES\" \/>\n<meta property=\"og:type\" content=\"article\" \/>\n<meta property=\"og:title\" content=\"Velvet L511-BE - Light Time\" \/>\n<meta property=\"og:description\" content=\"Orologio Uomo Movimento al quarzo Miyota Quadrante Tortora Sunrise Cassa e Bracciale in Policarbonato Tortora Fondello Acciaio con viti Diametro cassa 38\u00d742 mm Vetro minerale Chiusura bracciale a farfalla in acciaio\" \/>\n<meta property=\"og:url\" content=\"https:\/\/lighttime.it\/es\/orologio\/velvet-l511-ne-copia\/\" \/>\n<meta property=\"og:site_name\" content=\"Light Time\" \/>\n<meta property=\"article:modified_time\" content=\"2025-09-17T10:48:13+00:00\" \/>\n<meta property=\"og:image\" content=\"https:\/\/lighttime.it\/wp-content\/uploads\/2025\/02\/L511-BE-Foto1.jpg\" \/>\n\t<meta property=\"og:image:width\" content=\"760\" \/>\n\t<meta property=\"og:image:height\" content=\"1040\" \/>\n\t<meta property=\"og:image:type\" content=\"image\/jpeg\" \/>\n<meta name=\"twitter:card\" content=\"summary_large_image\" \/>\n<meta name=\"twitter:label1\" content=\"Tiempo de lectura\" \/>\n\t<meta name=\"twitter:data1\" content=\"1 minuto\" \/>\n<script type=\"application\/ld+json\" class=\"yoast-schema-graph\">{\"@context\":\"https:\\\/\\\/schema.org\",\"@graph\":[{\"@type\":\"WebPage\",\"@id\":\"https:\\\/\\\/lighttime.it\\\/orologio\\\/velvet-l511-ne-copia\\\/\",\"url\":\"https:\\\/\\\/lighttime.it\\\/orologio\\\/velvet-l511-ne-copia\\\/\",\"name\":\"Velvet L511-BE - Light Time\",\"isPartOf\":{\"@id\":\"https:\\\/\\\/lighttime.it\\\/#website\"},\"primaryImageOfPage\":{\"@id\":\"https:\\\/\\\/lighttime.it\\\/orologio\\\/velvet-l511-ne-copia\\\/#primaryimage\"},\"image\":{\"@id\":\"https:\\\/\\\/lighttime.it\\\/orologio\\\/velvet-l511-ne-copia\\\/#primaryimage\"},\"thumbnailUrl\":\"https:\\\/\\\/lighttime.it\\\/wp-content\\\/uploads\\\/2025\\\/02\\\/L511-BE-Foto1.jpg\",\"datePublished\":\"2025-02-04T15:31:47+00:00\",\"dateModified\":\"2025-09-17T10:48:13+00:00\",\"breadcrumb\":{\"@id\":\"https:\\\/\\\/lighttime.it\\\/orologio\\\/velvet-l511-ne-copia\\\/#breadcrumb\"},\"inLanguage\":\"es\",\"potentialAction\":[{\"@type\":\"ReadAction\",\"target\":[\"https:\\\/\\\/lighttime.it\\\/orologio\\\/velvet-l511-ne-copia\\\/\"]}]},{\"@type\":\"ImageObject\",\"inLanguage\":\"es\",\"@id\":\"https:\\\/\\\/lighttime.it\\\/orologio\\\/velvet-l511-ne-copia\\\/#primaryimage\",\"url\":\"https:\\\/\\\/lighttime.it\\\/wp-content\\\/uploads\\\/2025\\\/02\\\/L511-BE-Foto1.jpg\",\"contentUrl\":\"https:\\\/\\\/lighttime.it\\\/wp-content\\\/uploads\\\/2025\\\/02\\\/L511-BE-Foto1.jpg\",\"width\":760,\"height\":1040},{\"@type\":\"BreadcrumbList\",\"@id\":\"https:\\\/\\\/lighttime.it\\\/orologio\\\/velvet-l511-ne-copia\\\/#breadcrumb\",\"itemListElement\":[{\"@type\":\"ListItem\",\"position\":1,\"name\":\"Home\",\"item\":\"https:\\\/\\\/lighttime.it\\\/\"},{\"@type\":\"ListItem\",\"position\":2,\"name\":\"Shop\",\"item\":\"https:\\\/\\\/lighttime.it\\\/en\\\/shop\\\/\"},{\"@type\":\"ListItem\",\"position\":3,\"name\":\"Velvet L511-BE\"}]},{\"@type\":\"WebSite\",\"@id\":\"https:\\\/\\\/lighttime.it\\\/#website\",\"url\":\"https:\\\/\\\/lighttime.it\\\/\",\"name\":\"Light Time\",\"description\":\"Orologi Uomo Donna\",\"publisher\":{\"@id\":\"https:\\\/\\\/lighttime.it\\\/#organization\"},\"potentialAction\":[{\"@type\":\"SearchAction\",\"target\":{\"@type\":\"EntryPoint\",\"urlTemplate\":\"https:\\\/\\\/lighttime.it\\\/?s={search_term_string}\"},\"query-input\":{\"@type\":\"PropertyValueSpecification\",\"valueRequired\":true,\"valueName\":\"search_term_string\"}}],\"inLanguage\":\"es\"},{\"@type\":\"Organization\",\"@id\":\"https:\\\/\\\/lighttime.it\\\/#organization\",\"name\":\"Light Time\",\"url\":\"https:\\\/\\\/lighttime.it\\\/\",\"logo\":{\"@type\":\"ImageObject\",\"inLanguage\":\"es\",\"@id\":\"https:\\\/\\\/lighttime.it\\\/#\\\/schema\\\/logo\\\/image\\\/\",\"url\":\"https:\\\/\\\/lighttime.it\\\/wp-content\\\/uploads\\\/2021\\\/01\\\/cropped-logo-light-time-fav.png\",\"contentUrl\":\"https:\\\/\\\/lighttime.it\\\/wp-content\\\/uploads\\\/2021\\\/01\\\/cropped-logo-light-time-fav.png\",\"width\":512,\"height\":512,\"caption\":\"Light Time\"},\"image\":{\"@id\":\"https:\\\/\\\/lighttime.it\\\/#\\\/schema\\\/logo\\\/image\\\/\"}}]}<\/script>\n<!-- \/ Yoast SEO plugin. -->","yoast_head_json":{"title":"Velvet L511-BE - Light Time","robots":{"index":"index","follow":"follow","max-snippet":"max-snippet:-1","max-image-preview":"max-image-preview:large","max-video-preview":"max-video-preview:-1"},"canonical":"https:\/\/lighttime.it\/es\/orologio\/velvet-l511-ne-copia\/","og_locale":"es_ES","og_type":"article","og_title":"Velvet L511-BE - Light Time","og_description":"Orologio Uomo Movimento al quarzo Miyota Quadrante Tortora Sunrise Cassa e Bracciale in Policarbonato Tortora Fondello Acciaio con viti Diametro cassa 38\u00d742 mm Vetro minerale Chiusura bracciale a farfalla in acciaio","og_url":"https:\/\/lighttime.it\/es\/orologio\/velvet-l511-ne-copia\/","og_site_name":"Light Time","article_modified_time":"2025-09-17T10:48:13+00:00","og_image":[{"width":760,"height":1040,"url":"https:\/\/lighttime.it\/wp-content\/uploads\/2025\/02\/L511-BE-Foto1.jpg","type":"image\/jpeg"}],"twitter_card":"summary_large_image","twitter_misc":{"Tiempo de lectura":"1 minuto"},"schema":{"@context":"https:\/\/schema.org","@graph":[{"@type":"WebPage","@id":"https:\/\/lighttime.it\/orologio\/velvet-l511-ne-copia\/","url":"https:\/\/lighttime.it\/orologio\/velvet-l511-ne-copia\/","name":"Velvet L511-BE - Light Time","isPartOf":{"@id":"https:\/\/lighttime.it\/#website"},"primaryImageOfPage":{"@id":"https:\/\/lighttime.it\/orologio\/velvet-l511-ne-copia\/#primaryimage"},"image":{"@id":"https:\/\/lighttime.it\/orologio\/velvet-l511-ne-copia\/#primaryimage"},"thumbnailUrl":"https:\/\/lighttime.it\/wp-content\/uploads\/2025\/02\/L511-BE-Foto1.jpg","datePublished":"2025-02-04T15:31:47+00:00","dateModified":"2025-09-17T10:48:13+00:00","breadcrumb":{"@id":"https:\/\/lighttime.it\/orologio\/velvet-l511-ne-copia\/#breadcrumb"},"inLanguage":"es","potentialAction":[{"@type":"ReadAction","target":["https:\/\/lighttime.it\/orologio\/velvet-l511-ne-copia\/"]}]},{"@type":"ImageObject","inLanguage":"es","@id":"https:\/\/lighttime.it\/orologio\/velvet-l511-ne-copia\/#primaryimage","url":"https:\/\/lighttime.it\/wp-content\/uploads\/2025\/02\/L511-BE-Foto1.jpg","contentUrl":"https:\/\/lighttime.it\/wp-content\/uploads\/2025\/02\/L511-BE-Foto1.jpg","width":760,"height":1040},{"@type":"BreadcrumbList","@id":"https:\/\/lighttime.it\/orologio\/velvet-l511-ne-copia\/#breadcrumb","itemListElement":[{"@type":"ListItem","position":1,"name":"Home","item":"https:\/\/lighttime.it\/"},{"@type":"ListItem","position":2,"name":"Shop","item":"https:\/\/lighttime.it\/en\/shop\/"},{"@type":"ListItem","position":3,"name":"Velvet L511-BE"}]},{"@type":"WebSite","@id":"https:\/\/lighttime.it\/#website","url":"https:\/\/lighttime.it\/","name":"Tiempo de luz","description":"Relojes de hombre","publisher":{"@id":"https:\/\/lighttime.it\/#organization"},"potentialAction":[{"@type":"SearchAction","target":{"@type":"EntryPoint","urlTemplate":"https:\/\/lighttime.it\/?s={search_term_string}"},"query-input":{"@type":"PropertyValueSpecification","valueRequired":true,"valueName":"search_term_string"}}],"inLanguage":"es"},{"@type":"Organization","@id":"https:\/\/lighttime.it\/#organization","name":"Tiempo de luz","url":"https:\/\/lighttime.it\/","logo":{"@type":"ImageObject","inLanguage":"es","@id":"https:\/\/lighttime.it\/#\/schema\/logo\/image\/","url":"https:\/\/lighttime.it\/wp-content\/uploads\/2021\/01\/cropped-logo-light-time-fav.png","contentUrl":"https:\/\/lighttime.it\/wp-content\/uploads\/2021\/01\/cropped-logo-light-time-fav.png","width":512,"height":512,"caption":"Light Time"},"image":{"@id":"https:\/\/lighttime.it\/#\/schema\/logo\/image\/"}}]}},"_links":{"self":[{"href":"https:\/\/lighttime.it\/es\/wp-json\/wp\/v2\/product\/13107","targetHints":{"allow":["GET"]}}],"collection":[{"href":"https:\/\/lighttime.it\/es\/wp-json\/wp\/v2\/product"}],"about":[{"href":"https:\/\/lighttime.it\/es\/wp-json\/wp\/v2\/types\/product"}],"version-history":[{"count":1,"href":"https:\/\/lighttime.it\/es\/wp-json\/wp\/v2\/product\/13107\/revisions"}],"predecessor-version":[{"id":13210,"href":"https:\/\/lighttime.it\/es\/wp-json\/wp\/v2\/product\/13107\/revisions\/13210"}],"wp:featuredmedia":[{"embeddable":true,"href":"https:\/\/lighttime.it\/es\/wp-json\/wp\/v2\/media\/13110"}],"wp:attachment":[{"href":"https:\/\/lighttime.it\/es\/wp-json\/wp\/v2\/media?parent=13107"}],"wp:term":[{"taxonomy":"product_brand","embeddable":true,"href":"https:\/\/lighttime.it\/es\/wp-json\/wp\/v2\/product_brand?post=13107"},{"taxonomy":"product_cat","embeddable":true,"href":"https:\/\/lighttime.it\/es\/wp-json\/wp\/v2\/product_cat?post=13107"},{"taxonomy":"product_tag","embeddable":true,"href":"https:\/\/lighttime.it\/es\/wp-json\/wp\/v2\/product_tag?post=13107"}],"curies":[{"name":"wp","href":"https:\/\/api.w.org\/{rel}","templated":true}]}}