{"id":12355,"date":"2024-04-19T11:05:57","date_gmt":"2024-04-19T11:05:57","guid":{"rendered":"https:\/\/lighttime.it\/?post_type=product&#038;p=12355"},"modified":"2025-02-06T16:38:24","modified_gmt":"2025-02-06T16:38:24","slug":"velvet-lady-l512-ne-1","status":"publish","type":"product","link":"https:\/\/lighttime.it\/es\/orologio\/velvet-lady-l512-ne-1\/","title":{"rendered":"Velvet Lady L512-NE-1"},"content":{"rendered":"<p>La colecci\u00f3n 'Velvet Lady' de Light Time celebra la gracia y la elegancia femeninas, transformando cada reloj en una aut\u00e9ntica joya del tiempo. Esta l\u00ednea exclusiva combina un dise\u00f1o minimalista con detalles ricamente ornamentados, ofreciendo piezas \u00fanicas que realzan la singularidad de cada mujer.<\/p>\n<p>La pieza central de cada reloj Velvet Lady es el bisel, bellamente adornado con unos 100 cristales Preciosa cuidadosamente seleccionados y engastados a mano. Este proceso artesanal no solo garantiza que cada pieza sea \u00fanica, sino que tambi\u00e9n le permite reflejar la luz de forma extraordinaria, a\u00f1adiendo un toque de brillo llamativo.<\/p>\n<p>La textura aterciopelada, que da nombre a la colecci\u00f3n, combinada con la extraordinaria ligereza y resistencia de los relojes, hace que cada pieza de Velvet Lady sea un placer de llevar. En su interior, el movimiento de cuarzo de precisi\u00f3n garantiza un rendimiento fiable, en perfecta armon\u00eda con la excepcional est\u00e9tica de los relojes.<\/p>\n<p>Velvet Lady by Light Time es m\u00e1s que una colecci\u00f3n de relojes: es una declaraci\u00f3n de estilo, un s\u00edmbolo de elegancia atemporal que acent\u00faa la personalidad de quien lo lleva. Cada reloj es una celebraci\u00f3n de la individualidad, dise\u00f1ado para quienes desean distinguirse con elegancia en cada ocasi\u00f3n.<\/p>","protected":false},"excerpt":{"rendered":"<p>Anillo con unos 100 cristales de Preciosa (insertados a mano)<br \/>\nReloj de mujer<br \/>\nMovimiento de cuarzo Miyota<br \/>\nEsfera NEGRA<br \/>\nCaja y pulsera de policarbonato NEGRO<br \/>\nParte trasera de acero con tornillos<br \/>\nDi\u00e1metro de la caja 38\u00d742 mm<br \/>\nVidrio mineral<br \/>\nCierre de pulsera de mariposa de acero<\/p>","protected":false},"featured_media":12340,"template":"","meta":{"site-sidebar-layout":"default","site-content-layout":"","ast-site-content-layout":"default","site-content-style":"default","site-sidebar-style":"default","ast-global-header-display":"","ast-banner-title-visibility":"","ast-main-header-display":"","ast-hfb-above-header-display":"","ast-hfb-below-header-display":"","ast-hfb-mobile-header-display":"","site-post-title":"","ast-breadcrumbs-content":"","ast-featured-img":"","footer-sml-layout":"","ast-disable-related-posts":"","theme-transparent-header-meta":"default","adv-header-id-meta":"","stick-header-meta":"","header-above-stick-meta":"","header-main-stick-meta":"","header-below-stick-meta":"","astra-migrate-meta-layouts":"set","ast-page-background-enabled":"default","ast-page-background-meta":{"desktop":{"background-color":"","background-image":"","background-repeat":"repeat","background-position":"center center","background-size":"auto","background-attachment":"scroll","background-type":"","background-media":"","overlay-type":"","overlay-color":"","overlay-opacity":"","overlay-gradient":""},"tablet":{"background-color":"","background-image":"","background-repeat":"repeat","background-position":"center center","background-size":"auto","background-attachment":"scroll","background-type":"","background-media":"","overlay-type":"","overlay-color":"","overlay-opacity":"","overlay-gradient":""},"mobile":{"background-color":"","background-image":"","background-repeat":"repeat","background-position":"center center","background-size":"auto","background-attachment":"scroll","background-type":"","background-media":"","overlay-type":"","overlay-color":"","overlay-opacity":"","overlay-gradient":""}},"ast-content-background-meta":{"desktop":{"background-color":"var(--ast-global-color-5)","background-image":"","background-repeat":"repeat","background-position":"center center","background-size":"auto","background-attachment":"scroll","background-type":"","background-media":"","overlay-type":"","overlay-color":"","overlay-opacity":"","overlay-gradient":""},"tablet":{"background-color":"var(--ast-global-color-5)","background-image":"","background-repeat":"repeat","background-position":"center center","background-size":"auto","background-attachment":"scroll","background-type":"","background-media":"","overlay-type":"","overlay-color":"","overlay-opacity":"","overlay-gradient":""},"mobile":{"background-color":"var(--ast-global-color-5)","background-image":"","background-repeat":"repeat","background-position":"center center","background-size":"auto","background-attachment":"scroll","background-type":"","background-media":"","overlay-type":"","overlay-color":"","overlay-opacity":"","overlay-gradient":""}}},"product_brand":[],"product_cat":[75],"product_tag":[],"class_list":{"0":"post-12355","1":"product","2":"type-product","3":"status-publish","4":"has-post-thumbnail","6":"product_cat-velvet-lady","7":"desktop-align-center","8":"tablet-align-center","9":"mobile-align-center","10":"ast-product-gallery-layout-horizontal","11":"ast-product-tabs-layout-horizontal","13":"first","14":"instock","15":"shipping-taxable","16":"purchasable","17":"product-type-simple"},"gallery_images":[12339,12338,1763],"yoast_head":"<!-- This site is optimized with the Yoast SEO plugin v27.3 - https:\/\/yoast.com\/product\/yoast-seo-wordpress\/ -->\n<title>Velvet Lady L512-NE-1 - Light Time<\/title>\n<meta name=\"robots\" content=\"index, follow, max-snippet:-1, max-image-preview:large, max-video-preview:-1\" \/>\n<link rel=\"canonical\" href=\"https:\/\/lighttime.it\/es\/orologio\/velvet-lady-l512-ne-1\/\" \/>\n<meta property=\"og:locale\" content=\"es_ES\" \/>\n<meta property=\"og:type\" content=\"article\" \/>\n<meta property=\"og:title\" content=\"Velvet Lady L512-NE-1 - Light Time\" \/>\n<meta property=\"og:description\" content=\"Ghiera con circa 100 Cristalli Preciosa (inseriti a mano) Orologio Donna Movimento al quarzo Miyota Quadrante NERO Cassa e Bracciale in Policarbonato NERO Fondello Acciaio con viti Diametro cassa 38\u00d742 mm Vetro minerale Chiusura bracciale a farfalla in acciaio\" \/>\n<meta property=\"og:url\" content=\"https:\/\/lighttime.it\/es\/orologio\/velvet-lady-l512-ne-1\/\" \/>\n<meta property=\"og:site_name\" content=\"Light Time\" \/>\n<meta property=\"article:modified_time\" content=\"2025-02-06T16:38:24+00:00\" \/>\n<meta property=\"og:image\" content=\"https:\/\/lighttime.it\/wp-content\/uploads\/2024\/04\/L512-NE-1Foto1.jpg\" \/>\n\t<meta property=\"og:image:width\" content=\"760\" \/>\n\t<meta property=\"og:image:height\" content=\"1040\" \/>\n\t<meta property=\"og:image:type\" content=\"image\/jpeg\" \/>\n<meta name=\"twitter:card\" content=\"summary_large_image\" \/>\n<meta name=\"twitter:label1\" content=\"Tiempo de lectura\" \/>\n\t<meta name=\"twitter:data1\" content=\"2 minutos\" \/>\n<script type=\"application\/ld+json\" class=\"yoast-schema-graph\">{\"@context\":\"https:\\\/\\\/schema.org\",\"@graph\":[{\"@type\":\"WebPage\",\"@id\":\"https:\\\/\\\/lighttime.it\\\/orologio\\\/velvet-lady-l512-ne-1\\\/\",\"url\":\"https:\\\/\\\/lighttime.it\\\/orologio\\\/velvet-lady-l512-ne-1\\\/\",\"name\":\"Velvet Lady L512-NE-1 - Light Time\",\"isPartOf\":{\"@id\":\"https:\\\/\\\/lighttime.it\\\/#website\"},\"primaryImageOfPage\":{\"@id\":\"https:\\\/\\\/lighttime.it\\\/orologio\\\/velvet-lady-l512-ne-1\\\/#primaryimage\"},\"image\":{\"@id\":\"https:\\\/\\\/lighttime.it\\\/orologio\\\/velvet-lady-l512-ne-1\\\/#primaryimage\"},\"thumbnailUrl\":\"https:\\\/\\\/lighttime.it\\\/wp-content\\\/uploads\\\/2024\\\/04\\\/L512-NE-1Foto1.jpg\",\"datePublished\":\"2024-04-19T11:05:57+00:00\",\"dateModified\":\"2025-02-06T16:38:24+00:00\",\"breadcrumb\":{\"@id\":\"https:\\\/\\\/lighttime.it\\\/orologio\\\/velvet-lady-l512-ne-1\\\/#breadcrumb\"},\"inLanguage\":\"es\",\"potentialAction\":[{\"@type\":\"ReadAction\",\"target\":[\"https:\\\/\\\/lighttime.it\\\/orologio\\\/velvet-lady-l512-ne-1\\\/\"]}]},{\"@type\":\"ImageObject\",\"inLanguage\":\"es\",\"@id\":\"https:\\\/\\\/lighttime.it\\\/orologio\\\/velvet-lady-l512-ne-1\\\/#primaryimage\",\"url\":\"https:\\\/\\\/lighttime.it\\\/wp-content\\\/uploads\\\/2024\\\/04\\\/L512-NE-1Foto1.jpg\",\"contentUrl\":\"https:\\\/\\\/lighttime.it\\\/wp-content\\\/uploads\\\/2024\\\/04\\\/L512-NE-1Foto1.jpg\",\"width\":760,\"height\":1040},{\"@type\":\"BreadcrumbList\",\"@id\":\"https:\\\/\\\/lighttime.it\\\/orologio\\\/velvet-lady-l512-ne-1\\\/#breadcrumb\",\"itemListElement\":[{\"@type\":\"ListItem\",\"position\":1,\"name\":\"Home\",\"item\":\"https:\\\/\\\/lighttime.it\\\/\"},{\"@type\":\"ListItem\",\"position\":2,\"name\":\"Shop\",\"item\":\"https:\\\/\\\/lighttime.it\\\/en\\\/shop\\\/\"},{\"@type\":\"ListItem\",\"position\":3,\"name\":\"Velvet Lady L512-NE-1\"}]},{\"@type\":\"WebSite\",\"@id\":\"https:\\\/\\\/lighttime.it\\\/#website\",\"url\":\"https:\\\/\\\/lighttime.it\\\/\",\"name\":\"Light Time\",\"description\":\"Orologi Uomo Donna\",\"publisher\":{\"@id\":\"https:\\\/\\\/lighttime.it\\\/#organization\"},\"potentialAction\":[{\"@type\":\"SearchAction\",\"target\":{\"@type\":\"EntryPoint\",\"urlTemplate\":\"https:\\\/\\\/lighttime.it\\\/?s={search_term_string}\"},\"query-input\":{\"@type\":\"PropertyValueSpecification\",\"valueRequired\":true,\"valueName\":\"search_term_string\"}}],\"inLanguage\":\"es\"},{\"@type\":\"Organization\",\"@id\":\"https:\\\/\\\/lighttime.it\\\/#organization\",\"name\":\"Light Time\",\"url\":\"https:\\\/\\\/lighttime.it\\\/\",\"logo\":{\"@type\":\"ImageObject\",\"inLanguage\":\"es\",\"@id\":\"https:\\\/\\\/lighttime.it\\\/#\\\/schema\\\/logo\\\/image\\\/\",\"url\":\"https:\\\/\\\/lighttime.it\\\/wp-content\\\/uploads\\\/2021\\\/01\\\/cropped-logo-light-time-fav.png\",\"contentUrl\":\"https:\\\/\\\/lighttime.it\\\/wp-content\\\/uploads\\\/2021\\\/01\\\/cropped-logo-light-time-fav.png\",\"width\":512,\"height\":512,\"caption\":\"Light Time\"},\"image\":{\"@id\":\"https:\\\/\\\/lighttime.it\\\/#\\\/schema\\\/logo\\\/image\\\/\"}}]}<\/script>\n<!-- \/ Yoast SEO plugin. -->","yoast_head_json":{"title":"Velvet Lady L512-NE-1 - Tiempo de luz","robots":{"index":"index","follow":"follow","max-snippet":"max-snippet:-1","max-image-preview":"max-image-preview:large","max-video-preview":"max-video-preview:-1"},"canonical":"https:\/\/lighttime.it\/es\/orologio\/velvet-lady-l512-ne-1\/","og_locale":"es_ES","og_type":"article","og_title":"Velvet Lady L512-NE-1 - Light Time","og_description":"Ghiera con circa 100 Cristalli Preciosa (inseriti a mano) Orologio Donna Movimento al quarzo Miyota Quadrante NERO Cassa e Bracciale in Policarbonato NERO Fondello Acciaio con viti Diametro cassa 38\u00d742 mm Vetro minerale Chiusura bracciale a farfalla in acciaio","og_url":"https:\/\/lighttime.it\/es\/orologio\/velvet-lady-l512-ne-1\/","og_site_name":"Light Time","article_modified_time":"2025-02-06T16:38:24+00:00","og_image":[{"width":760,"height":1040,"url":"https:\/\/lighttime.it\/wp-content\/uploads\/2024\/04\/L512-NE-1Foto1.jpg","type":"image\/jpeg"}],"twitter_card":"summary_large_image","twitter_misc":{"Tiempo de lectura":"2 minutos"},"schema":{"@context":"https:\/\/schema.org","@graph":[{"@type":"WebPage","@id":"https:\/\/lighttime.it\/orologio\/velvet-lady-l512-ne-1\/","url":"https:\/\/lighttime.it\/orologio\/velvet-lady-l512-ne-1\/","name":"Velvet Lady L512-NE-1 - Tiempo de luz","isPartOf":{"@id":"https:\/\/lighttime.it\/#website"},"primaryImageOfPage":{"@id":"https:\/\/lighttime.it\/orologio\/velvet-lady-l512-ne-1\/#primaryimage"},"image":{"@id":"https:\/\/lighttime.it\/orologio\/velvet-lady-l512-ne-1\/#primaryimage"},"thumbnailUrl":"https:\/\/lighttime.it\/wp-content\/uploads\/2024\/04\/L512-NE-1Foto1.jpg","datePublished":"2024-04-19T11:05:57+00:00","dateModified":"2025-02-06T16:38:24+00:00","breadcrumb":{"@id":"https:\/\/lighttime.it\/orologio\/velvet-lady-l512-ne-1\/#breadcrumb"},"inLanguage":"es","potentialAction":[{"@type":"ReadAction","target":["https:\/\/lighttime.it\/orologio\/velvet-lady-l512-ne-1\/"]}]},{"@type":"ImageObject","inLanguage":"es","@id":"https:\/\/lighttime.it\/orologio\/velvet-lady-l512-ne-1\/#primaryimage","url":"https:\/\/lighttime.it\/wp-content\/uploads\/2024\/04\/L512-NE-1Foto1.jpg","contentUrl":"https:\/\/lighttime.it\/wp-content\/uploads\/2024\/04\/L512-NE-1Foto1.jpg","width":760,"height":1040},{"@type":"BreadcrumbList","@id":"https:\/\/lighttime.it\/orologio\/velvet-lady-l512-ne-1\/#breadcrumb","itemListElement":[{"@type":"ListItem","position":1,"name":"Home","item":"https:\/\/lighttime.it\/"},{"@type":"ListItem","position":2,"name":"Shop","item":"https:\/\/lighttime.it\/en\/shop\/"},{"@type":"ListItem","position":3,"name":"Velvet Lady L512-NE-1"}]},{"@type":"WebSite","@id":"https:\/\/lighttime.it\/#website","url":"https:\/\/lighttime.it\/","name":"Tiempo de luz","description":"Relojes de hombre","publisher":{"@id":"https:\/\/lighttime.it\/#organization"},"potentialAction":[{"@type":"SearchAction","target":{"@type":"EntryPoint","urlTemplate":"https:\/\/lighttime.it\/?s={search_term_string}"},"query-input":{"@type":"PropertyValueSpecification","valueRequired":true,"valueName":"search_term_string"}}],"inLanguage":"es"},{"@type":"Organization","@id":"https:\/\/lighttime.it\/#organization","name":"Tiempo de luz","url":"https:\/\/lighttime.it\/","logo":{"@type":"ImageObject","inLanguage":"es","@id":"https:\/\/lighttime.it\/#\/schema\/logo\/image\/","url":"https:\/\/lighttime.it\/wp-content\/uploads\/2021\/01\/cropped-logo-light-time-fav.png","contentUrl":"https:\/\/lighttime.it\/wp-content\/uploads\/2021\/01\/cropped-logo-light-time-fav.png","width":512,"height":512,"caption":"Light Time"},"image":{"@id":"https:\/\/lighttime.it\/#\/schema\/logo\/image\/"}}]}},"_links":{"self":[{"href":"https:\/\/lighttime.it\/es\/wp-json\/wp\/v2\/product\/12355","targetHints":{"allow":["GET"]}}],"collection":[{"href":"https:\/\/lighttime.it\/es\/wp-json\/wp\/v2\/product"}],"about":[{"href":"https:\/\/lighttime.it\/es\/wp-json\/wp\/v2\/types\/product"}],"version-history":[{"count":1,"href":"https:\/\/lighttime.it\/es\/wp-json\/wp\/v2\/product\/12355\/revisions"}],"predecessor-version":[{"id":13166,"href":"https:\/\/lighttime.it\/es\/wp-json\/wp\/v2\/product\/12355\/revisions\/13166"}],"wp:featuredmedia":[{"embeddable":true,"href":"https:\/\/lighttime.it\/es\/wp-json\/wp\/v2\/media\/12340"}],"wp:attachment":[{"href":"https:\/\/lighttime.it\/es\/wp-json\/wp\/v2\/media?parent=12355"}],"wp:term":[{"taxonomy":"product_brand","embeddable":true,"href":"https:\/\/lighttime.it\/es\/wp-json\/wp\/v2\/product_brand?post=12355"},{"taxonomy":"product_cat","embeddable":true,"href":"https:\/\/lighttime.it\/es\/wp-json\/wp\/v2\/product_cat?post=12355"},{"taxonomy":"product_tag","embeddable":true,"href":"https:\/\/lighttime.it\/es\/wp-json\/wp\/v2\/product_tag?post=12355"}],"curies":[{"name":"wp","href":"https:\/\/api.w.org\/{rel}","templated":true}]}}