{"id":1305,"date":"2020-10-12T09:38:45","date_gmt":"2020-10-12T09:38:45","guid":{"rendered":"http:\/\/newlight.xccqymhxaw-zqy3jpv9q3kg.p.runcloud.link\/product\/orologio-light-time-vintage-l401r-a7\/"},"modified":"2020-10-12T09:39:15","modified_gmt":"2020-10-12T09:39:15","slug":"watch-light-time-vintage-l401r-a7","status":"publish","type":"product","link":"https:\/\/lighttime.it\/en\/orologio\/watch-light-time-vintage-l401r-a7\/","title":{"rendered":"Light Time Vintage L401R-A7 watch"},"content":{"rendered":"","protected":false},"excerpt":{"rendered":"<p>Unisex watch, Myota quartz movement, rose steel case, rose steel bracelet Milan mesh, gray dial, indexes rose steel pressure case back, plastic glass, case diameter 39 mm, date window at 15, water resistant 3-ATM<\/p>","protected":false},"featured_media":1306,"template":"","meta":{"site-sidebar-layout":"default","site-content-layout":"","ast-site-content-layout":"default","site-content-style":"default","site-sidebar-style":"default","ast-global-header-display":"","ast-banner-title-visibility":"","ast-main-header-display":"","ast-hfb-above-header-display":"","ast-hfb-below-header-display":"","ast-hfb-mobile-header-display":"","site-post-title":"","ast-breadcrumbs-content":"","ast-featured-img":"","footer-sml-layout":"","ast-disable-related-posts":"","theme-transparent-header-meta":"","adv-header-id-meta":"","stick-header-meta":"","header-above-stick-meta":"","header-main-stick-meta":"","header-below-stick-meta":"","astra-migrate-meta-layouts":"default","ast-page-background-enabled":"default","ast-page-background-meta":{"desktop":{"background-color":"","background-image":"","background-repeat":"repeat","background-position":"center center","background-size":"auto","background-attachment":"scroll","background-type":"","background-media":"","overlay-type":"","overlay-color":"","overlay-opacity":"","overlay-gradient":""},"tablet":{"background-color":"","background-image":"","background-repeat":"repeat","background-position":"center center","background-size":"auto","background-attachment":"scroll","background-type":"","background-media":"","overlay-type":"","overlay-color":"","overlay-opacity":"","overlay-gradient":""},"mobile":{"background-color":"","background-image":"","background-repeat":"repeat","background-position":"center center","background-size":"auto","background-attachment":"scroll","background-type":"","background-media":"","overlay-type":"","overlay-color":"","overlay-opacity":"","overlay-gradient":""}},"ast-content-background-meta":{"desktop":{"background-color":"var(--ast-global-color-5)","background-image":"","background-repeat":"repeat","background-position":"center center","background-size":"auto","background-attachment":"scroll","background-type":"","background-media":"","overlay-type":"","overlay-color":"","overlay-opacity":"","overlay-gradient":""},"tablet":{"background-color":"var(--ast-global-color-5)","background-image":"","background-repeat":"repeat","background-position":"center center","background-size":"auto","background-attachment":"scroll","background-type":"","background-media":"","overlay-type":"","overlay-color":"","overlay-opacity":"","overlay-gradient":""},"mobile":{"background-color":"var(--ast-global-color-5)","background-image":"","background-repeat":"repeat","background-position":"center center","background-size":"auto","background-attachment":"scroll","background-type":"","background-media":"","overlay-type":"","overlay-color":"","overlay-opacity":"","overlay-gradient":""}}},"product_brand":[],"product_cat":[28],"product_tag":[],"class_list":{"0":"post-1305","1":"product","2":"type-product","3":"status-publish","4":"has-post-thumbnail","6":"product_cat-vintage","7":"desktop-align-center","8":"tablet-align-center","9":"mobile-align-center","10":"ast-product-gallery-layout-horizontal","11":"ast-product-tabs-layout-horizontal","13":"first","14":"outofstock","15":"purchasable","16":"product-type-simple"},"gallery_images":[1307,1308,1274,1275],"yoast_head":"<!-- This site is optimized with the Yoast SEO plugin v27.3 - https:\/\/yoast.com\/product\/yoast-seo-wordpress\/ -->\n<title>Orologio Light Time Vintage L401R-A7 - Light Time<\/title>\n<meta name=\"robots\" content=\"index, follow, max-snippet:-1, max-image-preview:large, max-video-preview:-1\" \/>\n<link rel=\"canonical\" href=\"https:\/\/lighttime.it\/en\/orologio\/watch-light-time-vintage-l401r-a7\/\" \/>\n<meta property=\"og:locale\" content=\"en_US\" \/>\n<meta property=\"og:type\" content=\"article\" \/>\n<meta property=\"og:title\" content=\"Orologio Light Time Vintage L401R-A7 - Light Time\" \/>\n<meta property=\"og:description\" content=\"Orologio Unisex, movimento quarzo Myota,cassa acciaio ros\u00e8, cinturino acciaio ros\u00e8 maglia Milano,quadrante grigio,Indici ros\u00e8 fondello acciaio a pressione, vetro plastca, diametro cassa 39 mm datario ore15,water resistant 3-ATM\" \/>\n<meta property=\"og:url\" content=\"https:\/\/lighttime.it\/en\/orologio\/watch-light-time-vintage-l401r-a7\/\" \/>\n<meta property=\"og:site_name\" content=\"Light Time\" \/>\n<meta property=\"article:modified_time\" content=\"2020-10-12T09:39:15+00:00\" \/>\n<meta property=\"og:image\" content=\"https:\/\/lighttime.it\/wp-content\/uploads\/2020\/10\/L401R-A7-1.jpg\" \/>\n\t<meta property=\"og:image:width\" content=\"760\" \/>\n\t<meta property=\"og:image:height\" content=\"1040\" \/>\n\t<meta property=\"og:image:type\" content=\"image\/jpeg\" \/>\n<meta name=\"twitter:card\" content=\"summary_large_image\" \/>\n<script type=\"application\/ld+json\" class=\"yoast-schema-graph\">{\"@context\":\"https:\\\/\\\/schema.org\",\"@graph\":[{\"@type\":\"WebPage\",\"@id\":\"https:\\\/\\\/lighttime.it\\\/es\\\/orologio\\\/reloj-light-time-vintage-l401r-a7\\\/\",\"url\":\"https:\\\/\\\/lighttime.it\\\/es\\\/orologio\\\/reloj-light-time-vintage-l401r-a7\\\/\",\"name\":\"Orologio Light Time Vintage L401R-A7 - Light Time\",\"isPartOf\":{\"@id\":\"https:\\\/\\\/lighttime.it\\\/#website\"},\"primaryImageOfPage\":{\"@id\":\"https:\\\/\\\/lighttime.it\\\/es\\\/orologio\\\/reloj-light-time-vintage-l401r-a7\\\/#primaryimage\"},\"image\":{\"@id\":\"https:\\\/\\\/lighttime.it\\\/es\\\/orologio\\\/reloj-light-time-vintage-l401r-a7\\\/#primaryimage\"},\"thumbnailUrl\":\"https:\\\/\\\/lighttime.it\\\/wp-content\\\/uploads\\\/2020\\\/10\\\/L401R-A7-1.jpg\",\"datePublished\":\"2020-10-12T09:38:45+00:00\",\"dateModified\":\"2020-10-12T09:39:15+00:00\",\"breadcrumb\":{\"@id\":\"https:\\\/\\\/lighttime.it\\\/es\\\/orologio\\\/reloj-light-time-vintage-l401r-a7\\\/#breadcrumb\"},\"inLanguage\":\"en-US\",\"potentialAction\":[{\"@type\":\"ReadAction\",\"target\":[\"https:\\\/\\\/lighttime.it\\\/es\\\/orologio\\\/reloj-light-time-vintage-l401r-a7\\\/\"]}]},{\"@type\":\"ImageObject\",\"inLanguage\":\"en-US\",\"@id\":\"https:\\\/\\\/lighttime.it\\\/es\\\/orologio\\\/reloj-light-time-vintage-l401r-a7\\\/#primaryimage\",\"url\":\"https:\\\/\\\/lighttime.it\\\/wp-content\\\/uploads\\\/2020\\\/10\\\/L401R-A7-1.jpg\",\"contentUrl\":\"https:\\\/\\\/lighttime.it\\\/wp-content\\\/uploads\\\/2020\\\/10\\\/L401R-A7-1.jpg\",\"width\":760,\"height\":1040},{\"@type\":\"BreadcrumbList\",\"@id\":\"https:\\\/\\\/lighttime.it\\\/es\\\/orologio\\\/reloj-light-time-vintage-l401r-a7\\\/#breadcrumb\",\"itemListElement\":[{\"@type\":\"ListItem\",\"position\":1,\"name\":\"Home\",\"item\":\"https:\\\/\\\/lighttime.it\\\/\"},{\"@type\":\"ListItem\",\"position\":2,\"name\":\"Shop\",\"item\":\"https:\\\/\\\/lighttime.it\\\/en\\\/shop\\\/\"},{\"@type\":\"ListItem\",\"position\":3,\"name\":\"Orologio Light Time Vintage L401R-A7\"}]},{\"@type\":\"WebSite\",\"@id\":\"https:\\\/\\\/lighttime.it\\\/#website\",\"url\":\"https:\\\/\\\/lighttime.it\\\/\",\"name\":\"Light Time\",\"description\":\"Orologi Uomo Donna\",\"publisher\":{\"@id\":\"https:\\\/\\\/lighttime.it\\\/#organization\"},\"potentialAction\":[{\"@type\":\"SearchAction\",\"target\":{\"@type\":\"EntryPoint\",\"urlTemplate\":\"https:\\\/\\\/lighttime.it\\\/?s={search_term_string}\"},\"query-input\":{\"@type\":\"PropertyValueSpecification\",\"valueRequired\":true,\"valueName\":\"search_term_string\"}}],\"inLanguage\":\"en-US\"},{\"@type\":\"Organization\",\"@id\":\"https:\\\/\\\/lighttime.it\\\/#organization\",\"name\":\"Light Time\",\"url\":\"https:\\\/\\\/lighttime.it\\\/\",\"logo\":{\"@type\":\"ImageObject\",\"inLanguage\":\"en-US\",\"@id\":\"https:\\\/\\\/lighttime.it\\\/#\\\/schema\\\/logo\\\/image\\\/\",\"url\":\"https:\\\/\\\/lighttime.it\\\/wp-content\\\/uploads\\\/2021\\\/01\\\/cropped-logo-light-time-fav.png\",\"contentUrl\":\"https:\\\/\\\/lighttime.it\\\/wp-content\\\/uploads\\\/2021\\\/01\\\/cropped-logo-light-time-fav.png\",\"width\":512,\"height\":512,\"caption\":\"Light Time\"},\"image\":{\"@id\":\"https:\\\/\\\/lighttime.it\\\/#\\\/schema\\\/logo\\\/image\\\/\"}}]}<\/script>\n<!-- \/ Yoast SEO plugin. -->","yoast_head_json":{"title":"L401R-A7 Vintage Light Time watch","robots":{"index":"index","follow":"follow","max-snippet":"max-snippet:-1","max-image-preview":"max-image-preview:large","max-video-preview":"max-video-preview:-1"},"canonical":"https:\/\/lighttime.it\/en\/orologio\/watch-light-time-vintage-l401r-a7\/","og_locale":"en_US","og_type":"article","og_title":"Orologio Light Time Vintage L401R-A7 - Light Time","og_description":"Orologio Unisex, movimento quarzo Myota,cassa acciaio ros\u00e8, cinturino acciaio ros\u00e8 maglia Milano,quadrante grigio,Indici ros\u00e8 fondello acciaio a pressione, vetro plastca, diametro cassa 39 mm datario ore15,water resistant 3-ATM","og_url":"https:\/\/lighttime.it\/en\/orologio\/watch-light-time-vintage-l401r-a7\/","og_site_name":"Light Time","article_modified_time":"2020-10-12T09:39:15+00:00","og_image":[{"width":760,"height":1040,"url":"https:\/\/lighttime.it\/wp-content\/uploads\/2020\/10\/L401R-A7-1.jpg","type":"image\/jpeg"}],"twitter_card":"summary_large_image","schema":{"@context":"https:\/\/schema.org","@graph":[{"@type":"WebPage","@id":"https:\/\/lighttime.it\/es\/orologio\/reloj-light-time-vintage-l401r-a7\/","url":"https:\/\/lighttime.it\/es\/orologio\/reloj-light-time-vintage-l401r-a7\/","name":"L401R-A7 Vintage Light Time watch","isPartOf":{"@id":"https:\/\/lighttime.it\/#website"},"primaryImageOfPage":{"@id":"https:\/\/lighttime.it\/es\/orologio\/reloj-light-time-vintage-l401r-a7\/#primaryimage"},"image":{"@id":"https:\/\/lighttime.it\/es\/orologio\/reloj-light-time-vintage-l401r-a7\/#primaryimage"},"thumbnailUrl":"https:\/\/lighttime.it\/wp-content\/uploads\/2020\/10\/L401R-A7-1.jpg","datePublished":"2020-10-12T09:38:45+00:00","dateModified":"2020-10-12T09:39:15+00:00","breadcrumb":{"@id":"https:\/\/lighttime.it\/es\/orologio\/reloj-light-time-vintage-l401r-a7\/#breadcrumb"},"inLanguage":"en-US","potentialAction":[{"@type":"ReadAction","target":["https:\/\/lighttime.it\/es\/orologio\/reloj-light-time-vintage-l401r-a7\/"]}]},{"@type":"ImageObject","inLanguage":"en-US","@id":"https:\/\/lighttime.it\/es\/orologio\/reloj-light-time-vintage-l401r-a7\/#primaryimage","url":"https:\/\/lighttime.it\/wp-content\/uploads\/2020\/10\/L401R-A7-1.jpg","contentUrl":"https:\/\/lighttime.it\/wp-content\/uploads\/2020\/10\/L401R-A7-1.jpg","width":760,"height":1040},{"@type":"BreadcrumbList","@id":"https:\/\/lighttime.it\/es\/orologio\/reloj-light-time-vintage-l401r-a7\/#breadcrumb","itemListElement":[{"@type":"ListItem","position":1,"name":"Home","item":"https:\/\/lighttime.it\/"},{"@type":"ListItem","position":2,"name":"Shop","item":"https:\/\/lighttime.it\/en\/shop\/"},{"@type":"ListItem","position":3,"name":"Orologio Light Time Vintage L401R-A7"}]},{"@type":"WebSite","@id":"https:\/\/lighttime.it\/#website","url":"https:\/\/lighttime.it\/","name":"Light Time","description":"Men's Watches","publisher":{"@id":"https:\/\/lighttime.it\/#organization"},"potentialAction":[{"@type":"SearchAction","target":{"@type":"EntryPoint","urlTemplate":"https:\/\/lighttime.it\/?s={search_term_string}"},"query-input":{"@type":"PropertyValueSpecification","valueRequired":true,"valueName":"search_term_string"}}],"inLanguage":"en-US"},{"@type":"Organization","@id":"https:\/\/lighttime.it\/#organization","name":"Light Time","url":"https:\/\/lighttime.it\/","logo":{"@type":"ImageObject","inLanguage":"en-US","@id":"https:\/\/lighttime.it\/#\/schema\/logo\/image\/","url":"https:\/\/lighttime.it\/wp-content\/uploads\/2021\/01\/cropped-logo-light-time-fav.png","contentUrl":"https:\/\/lighttime.it\/wp-content\/uploads\/2021\/01\/cropped-logo-light-time-fav.png","width":512,"height":512,"caption":"Light Time"},"image":{"@id":"https:\/\/lighttime.it\/#\/schema\/logo\/image\/"}}]}},"_links":{"self":[{"href":"https:\/\/lighttime.it\/en\/wp-json\/wp\/v2\/product\/1305","targetHints":{"allow":["GET"]}}],"collection":[{"href":"https:\/\/lighttime.it\/en\/wp-json\/wp\/v2\/product"}],"about":[{"href":"https:\/\/lighttime.it\/en\/wp-json\/wp\/v2\/types\/product"}],"version-history":[{"count":0,"href":"https:\/\/lighttime.it\/en\/wp-json\/wp\/v2\/product\/1305\/revisions"}],"wp:featuredmedia":[{"embeddable":true,"href":"https:\/\/lighttime.it\/en\/wp-json\/wp\/v2\/media\/1306"}],"wp:attachment":[{"href":"https:\/\/lighttime.it\/en\/wp-json\/wp\/v2\/media?parent=1305"}],"wp:term":[{"taxonomy":"product_brand","embeddable":true,"href":"https:\/\/lighttime.it\/en\/wp-json\/wp\/v2\/product_brand?post=1305"},{"taxonomy":"product_cat","embeddable":true,"href":"https:\/\/lighttime.it\/en\/wp-json\/wp\/v2\/product_cat?post=1305"},{"taxonomy":"product_tag","embeddable":true,"href":"https:\/\/lighttime.it\/en\/wp-json\/wp\/v2\/product_tag?post=1305"}],"curies":[{"name":"wp","href":"https:\/\/api.w.org\/{rel}","templated":true}]}}